{"id":649,"date":"2023-05-23T19:38:20","date_gmt":"2023-05-23T19:38:20","guid":{"rendered":"https:\/\/focus-solutions.net\/valoracion-y-conciliacion-de-la-fta\/"},"modified":"2023-11-24T02:23:07","modified_gmt":"2023-11-24T02:23:07","slug":"valoracion-y-conciliacion-de-la-fta","status":"publish","type":"page","link":"https:\/\/focus-solutions.net\/es\/servicios\/valoracion-y-conciliacion-de-la-fta\/","title":{"rendered":"Valoraci\u00f3n y conciliaci\u00f3n al amparo de tratados de libre comercio"},"content":{"rendered":"<p>[et_pb_section fb_built=\u00bb1&#8243; next_background_color=\u00bb#E9F1F7&#8243; _builder_version=\u00bb4.16&#8243; _module_preset=\u00bbdefault\u00bb background_enable_color=\u00bboff\u00bb background_enable_image=\u00bboff\u00bb background_blend=\u00bboverlay\u00bb bottom_divider_style=\u00bbramp2&#8243; global_colors_info=\u00bb{}\u00bb][et_pb_row column_structure=\u00bb1_2,1_2&#8243; make_equal=\u00bbon\u00bb _builder_version=\u00bb4.16&#8243; _module_preset=\u00bbdefault\u00bb background_enable_color=\u00bboff\u00bb global_colors_info=\u00bb{}\u00bb][et_pb_column type=\u00bb1_2&#8243; _builder_version=\u00bb4.16&#8243; _module_preset=\u00bbdefault\u00bb custom_css_main_element=\u00bbmargin: auto;\u00bb global_colors_info=\u00bb{}\u00bb][et_pb_text _builder_version=\u00bb4.16.1&#8243; _module_preset=\u00bbdefault\u00bb header_font=\u00bb|800|||||||\u00bb header_text_color=\u00bb#333333&#8243; header_font_size=\u00bb44px\u00bb custom_margin_tablet=\u00bb||5%||false|false\u00bb custom_margin_phone=\u00bb||5%||false|false\u00bb custom_margin_last_edited=\u00bbon|phone\u00bb hover_enabled=\u00bb0&#8243; header_font_size_tablet=\u00bb32px\u00bb header_font_size_phone=\u00bb24px\u00bb header_font_size_last_edited=\u00bbon|phone\u00bb global_colors_info=\u00bb{}\u00bb sticky_enabled=\u00bb0&#8243;]<\/p>\n<h1>Valoraci\u00f3n y conciliaci\u00f3n al amparo de tratados de libre comercio<\/h1>\n<p>[\/et_pb_text][et_pb_text _builder_version=\u00bb4.16.1&#8243; _module_preset=\u00bbdefault\u00bb text_text_color=\u00bb#333333&#8243; text_font_size=\u00bb16px\u00bb hover_enabled=\u00bb0&#8243; border_color_all=\u00bb#FFFFFF\u00bb global_colors_info=\u00bb{}\u00bb sticky_enabled=\u00bb0&#8243;]<\/p>\n<p>FOCUS puede presentar en forma independiente sus servicios de valoraci\u00f3n y\/o conciliaci\u00f3n al amparo de tratados de libre comercio. Los clientes han contratado a FOCUS para resolver un problema cada vez m\u00e1s frecuente de agentes aduanales que no pueden tramitar conciliaciones o correcciones a importaciones que fueron originalmente tramitadas por otros agentes aduanales. Nuestro enfoque, proceso y herramientas est\u00e1n dise\u00f1ados para ayudar a los clientes a consolidar archivos en los que hay cientos o miles de importaciones de varios agentes aduanales, lo que supone un ahorro significativo para nuestros clientes.<\/p>\n<p>[\/et_pb_text][\/et_pb_column][et_pb_column type=\u00bb1_2&#8243; _builder_version=\u00bb4.16&#8243; _module_preset=\u00bbdefault\u00bb global_colors_info=\u00bb{}\u00bb][et_pb_image src=\u00bbhttps:\/\/focus-solutions.net\/wp-content\/uploads\/2022\/03\/Value_and_FTA_Reconciliation_Focus_Business_Solutions_500px.jpg\u00bb title_text=\u00bbValor_y_conciliaci\u00f3n_FTA_enfoque_Soluciones_empresariales_500px\u00bb _builder_version=\u00bb4.16&#8243; _module_preset=\u00bbdefault\u00bb global_colors_info=\u00bb{}\u00bb][\/et_pb_image][\/et_pb_column][\/et_pb_row][\/et_pb_section][et_pb_section fb_built=\u00bb1&#8243; _builder_version=\u00bb4.16&#8243; _module_preset=\u00bbdefault\u00bb background_color=\u00bb#E9F1F7&#8243; global_colors_info=\u00bb{}\u00bb][et_pb_row _builder_version=\u00bb4.16&#8243; _module_preset=\u00bbdefault\u00bb global_colors_info=\u00bb{}\u00bb][et_pb_column type=\u00bb4_4&#8243; _builder_version=\u00bb4.16&#8243; _module_preset=\u00bbdefault\u00bb global_colors_info=\u00bb{}\u00bb][et_pb_text _builder_version=\u00bb4.16.1&#8243; _module_preset=\u00bbdefault\u00bb text_font_size=\u00bb25px\u00bb text_line_height=\u00bb1.8em\u00bb text_orientation=\u00bbcenter\u00bb max_width=\u00bb750px\u00bb module_alignment=\u00bbcenter\u00bb hover_enabled=\u00bb0&#8243; text_font_size_tablet=\u00bb18px\u00bb text_font_size_phone=\u00bb18px\u00bb text_font_size_last_edited=\u00bbon|phone\u00bb global_colors_info=\u00bb{}\u00bb sticky_enabled=\u00bb0&#8243;]<\/p>\n<p>Ahorramos a nuestros clientes tiempo y tasas de impuestos considerables, gracias a nuestros servicios de valoraci\u00f3n consolidada y de presentaci\u00f3n de conciliaciones al amparo de tratados de libre comercio.<\/p>\n<p>[\/et_pb_text][\/et_pb_column][\/et_pb_row][\/et_pb_section][et_pb_section fb_built=\u00bb1&#8243; _builder_version=\u00bb4.16&#8243; _module_preset=\u00bbdefault\u00bb custom_padding=\u00bb6%||6%||true|false\u00bb global_colors_info=\u00bb{}\u00bb][et_pb_row column_structure=\u00bb1_2,1_2&#8243; _builder_version=\u00bb4.16&#8243; _module_preset=\u00bbdefault\u00bb global_colors_info=\u00bb{}\u00bb][et_pb_column type=\u00bb1_2&#8243; _builder_version=\u00bb4.16&#8243; _module_preset=\u00bbdefault\u00bb global_colors_info=\u00bb{}\u00bb][et_pb_blurb title=\u00bbAlimentamos bases de datos de varios agentes aduanales para consolidar los informes de conciliaci\u00f3n.\u00bb use_icon=\u00bbon\u00bb font_icon=\u00bb&#x52;||divi||400&#8243; icon_color=\u00bb#1C2954&#8243; icon_placement=\u00bbleft\u00bb image_icon_width=\u00bb44px\u00bb _builder_version=\u00bb4.16.1&#8243; _module_preset=\u00bbdefault\u00bb hover_enabled=\u00bb0&#8243; global_colors_info=\u00bb{}\u00bb sticky_enabled=\u00bb0&#8243;][\/et_pb_blurb][et_pb_blurb title=\u00bbLos ajustes posteriores a las importaciones se procesan e incorporan sin problemas\u00bb use_icon=\u00bbon\u00bb font_icon=\u00bb&#x52;||divi||400&#8243; icon_color=\u00bb#1C2954&#8243; icon_placement=\u00bbleft\u00bb image_icon_width=\u00bb44px\u00bb _builder_version=\u00bb4.16.1&#8243; _module_preset=\u00bbdefault\u00bb hover_enabled=\u00bb0&#8243; global_colors_info=\u00bb{}\u00bb sticky_enabled=\u00bb0&#8243;][\/et_pb_blurb][\/et_pb_column][et_pb_column type=\u00bb1_2&#8243; _builder_version=\u00bb4.16&#8243; _module_preset=\u00bbdefault\u00bb global_colors_info=\u00bb{}\u00bb][et_pb_blurb title=\u00bbPresentaciones puntuales y precisas sin multas por demora\u00bb use_icon=\u00bbon\u00bb font_icon=\u00bb&#x52;||divi||400&#8243; icon_color=\u00bb#1C2954&#8243; icon_placement=\u00bbleft\u00bb image_icon_width=\u00bb44px\u00bb _builder_version=\u00bb4.16.1&#8243; _module_preset=\u00bbdefault\u00bb hover_enabled=\u00bb0&#8243; global_colors_info=\u00bb{}\u00bb sticky_enabled=\u00bb0&#8243;][\/et_pb_blurb][et_pb_blurb title=\u00bbTransferencia de fondos ACH \u00bb use_icon=\u00bbon\u00bb font_icon=\u00bb&#x52;||divi||400&#8243; icon_color=\u00bb#1C2954&#8243; icon_placement=\u00bbleft\u00bb image_icon_width=\u00bb44px\u00bb _builder_version=\u00bb4.16.1&#8243; _module_preset=\u00bbdefault\u00bb hover_enabled=\u00bb0&#8243; global_colors_info=\u00bb{}\u00bb sticky_enabled=\u00bb0&#8243;][\/et_pb_blurb][\/et_pb_column][\/et_pb_row][\/et_pb_section]<\/p>\n","protected":false},"excerpt":{"rendered":"<p>Valoraci\u00f3n y conciliaci\u00f3n al amparo de tratados de libre comercioFOCUS puede presentar en forma independiente sus servicios de valoraci\u00f3n y\/o conciliaci\u00f3n al amparo de tratados de libre comercio. Los clientes han contratado a FOCUS para resolver un problema cada vez m\u00e1s frecuente de agentes aduanales que no pueden tramitar conciliaciones o correcciones a importaciones que [&hellip;]<\/p>\n","protected":false},"author":2,"featured_media":0,"parent":710,"menu_order":0,"comment_status":"closed","ping_status":"closed","template":"","meta":{"_et_pb_use_builder":"on","_et_pb_old_content":"","_et_gb_content_width":"","footnotes":""},"class_list":["post-649","page","type-page","status-publish","hentry"],"yoast_head":"<!-- This site is optimized with the Yoast SEO plugin v27.1.1 - https:\/\/yoast.com\/product\/yoast-seo-wordpress\/ -->\n<title>Valoraci\u00f3n y conciliaci\u00f3n al amparo de tratados de libre comercio - Focus Business Solutions<\/title>\n<meta name=\"robots\" content=\"index, follow, max-snippet:-1, max-image-preview:large, max-video-preview:-1\" \/>\n<link rel=\"canonical\" href=\"https:\/\/focus-solutions.net\/es\/servicios\/valoracion-y-conciliacion-de-la-fta\/\" \/>\n<meta property=\"og:locale\" content=\"es_ES\" \/>\n<meta property=\"og:type\" content=\"article\" \/>\n<meta property=\"og:title\" content=\"Valoraci\u00f3n y conciliaci\u00f3n al amparo de tratados de libre comercio - Focus Business Solutions\" \/>\n<meta property=\"og:description\" content=\"Valoraci\u00f3n y conciliaci\u00f3n al amparo de tratados de libre comercioFOCUS puede presentar en forma independiente sus servicios de valoraci\u00f3n y\/o conciliaci\u00f3n al amparo de tratados de libre comercio. Los clientes han contratado a FOCUS para resolver un problema cada vez m\u00e1s frecuente de agentes aduanales que no pueden tramitar conciliaciones o correcciones a importaciones que [&hellip;]\" \/>\n<meta property=\"og:url\" content=\"https:\/\/focus-solutions.net\/es\/servicios\/valoracion-y-conciliacion-de-la-fta\/\" \/>\n<meta property=\"og:site_name\" content=\"Focus Business Solutions\" \/>\n<meta property=\"article:modified_time\" content=\"2023-11-24T02:23:07+00:00\" \/>\n<meta name=\"twitter:card\" content=\"summary_large_image\" \/>\n<meta name=\"twitter:label1\" content=\"Tiempo de lectura\" \/>\n\t<meta name=\"twitter:data1\" content=\"4 minutos\" \/>\n<script type=\"application\/ld+json\" class=\"yoast-schema-graph\">{\"@context\":\"https:\/\/schema.org\",\"@graph\":[{\"@type\":\"WebPage\",\"@id\":\"https:\/\/focus-solutions.net\/es\/servicios\/valoracion-y-conciliacion-de-la-fta\/\",\"url\":\"https:\/\/focus-solutions.net\/es\/servicios\/valoracion-y-conciliacion-de-la-fta\/\",\"name\":\"Valoraci\u00f3n y conciliaci\u00f3n al amparo de tratados de libre comercio - Focus Business Solutions\",\"isPartOf\":{\"@id\":\"https:\/\/focus-solutions.net\/es\/#website\"},\"datePublished\":\"2023-05-23T19:38:20+00:00\",\"dateModified\":\"2023-11-24T02:23:07+00:00\",\"breadcrumb\":{\"@id\":\"https:\/\/focus-solutions.net\/es\/servicios\/valoracion-y-conciliacion-de-la-fta\/#breadcrumb\"},\"inLanguage\":\"es\",\"potentialAction\":[{\"@type\":\"ReadAction\",\"target\":[\"https:\/\/focus-solutions.net\/es\/servicios\/valoracion-y-conciliacion-de-la-fta\/\"]}]},{\"@type\":\"BreadcrumbList\",\"@id\":\"https:\/\/focus-solutions.net\/es\/servicios\/valoracion-y-conciliacion-de-la-fta\/#breadcrumb\",\"itemListElement\":[{\"@type\":\"ListItem\",\"position\":1,\"name\":\"Home\",\"item\":\"https:\/\/focus-solutions.net\/es\/inicio\/\"},{\"@type\":\"ListItem\",\"position\":2,\"name\":\"Servicios\",\"item\":\"https:\/\/focus-solutions.net\/es\/servicios\/\"},{\"@type\":\"ListItem\",\"position\":3,\"name\":\"Valoraci\u00f3n y conciliaci\u00f3n al amparo de tratados de libre comercio\"}]},{\"@type\":\"WebSite\",\"@id\":\"https:\/\/focus-solutions.net\/es\/#website\",\"url\":\"https:\/\/focus-solutions.net\/es\/\",\"name\":\"FOCUS Business Solutions\",\"description\":\"International Trade Compliance Company\",\"publisher\":{\"@id\":\"https:\/\/focus-solutions.net\/es\/#organization\"},\"potentialAction\":[{\"@type\":\"SearchAction\",\"target\":{\"@type\":\"EntryPoint\",\"urlTemplate\":\"https:\/\/focus-solutions.net\/es\/?s={search_term_string}\"},\"query-input\":{\"@type\":\"PropertyValueSpecification\",\"valueRequired\":true,\"valueName\":\"search_term_string\"}}],\"inLanguage\":\"es\"},{\"@type\":\"Organization\",\"@id\":\"https:\/\/focus-solutions.net\/es\/#organization\",\"name\":\"FOCUS Business Solutions\",\"url\":\"https:\/\/focus-solutions.net\/es\/\",\"logo\":{\"@type\":\"ImageObject\",\"inLanguage\":\"es\",\"@id\":\"https:\/\/focus-solutions.net\/es\/#\/schema\/logo\/image\/\",\"url\":\"https:\/\/focus-solutions.net\/wp-content\/uploads\/2023\/05\/FOCUS-Color-265px.png\",\"contentUrl\":\"https:\/\/focus-solutions.net\/wp-content\/uploads\/2023\/05\/FOCUS-Color-265px.png\",\"width\":265,\"height\":83,\"caption\":\"FOCUS Business Solutions\"},\"image\":{\"@id\":\"https:\/\/focus-solutions.net\/es\/#\/schema\/logo\/image\/\"}}]}<\/script>\n<!-- \/ Yoast SEO plugin. -->","yoast_head_json":{"title":"Valoraci\u00f3n y conciliaci\u00f3n al amparo de tratados de libre comercio - Focus Business Solutions","robots":{"index":"index","follow":"follow","max-snippet":"max-snippet:-1","max-image-preview":"max-image-preview:large","max-video-preview":"max-video-preview:-1"},"canonical":"https:\/\/focus-solutions.net\/es\/servicios\/valoracion-y-conciliacion-de-la-fta\/","og_locale":"es_ES","og_type":"article","og_title":"Valoraci\u00f3n y conciliaci\u00f3n al amparo de tratados de libre comercio - Focus Business Solutions","og_description":"Valoraci\u00f3n y conciliaci\u00f3n al amparo de tratados de libre comercioFOCUS puede presentar en forma independiente sus servicios de valoraci\u00f3n y\/o conciliaci\u00f3n al amparo de tratados de libre comercio. Los clientes han contratado a FOCUS para resolver un problema cada vez m\u00e1s frecuente de agentes aduanales que no pueden tramitar conciliaciones o correcciones a importaciones que [&hellip;]","og_url":"https:\/\/focus-solutions.net\/es\/servicios\/valoracion-y-conciliacion-de-la-fta\/","og_site_name":"Focus Business Solutions","article_modified_time":"2023-11-24T02:23:07+00:00","twitter_card":"summary_large_image","twitter_misc":{"Tiempo de lectura":"4 minutos"},"schema":{"@context":"https:\/\/schema.org","@graph":[{"@type":"WebPage","@id":"https:\/\/focus-solutions.net\/es\/servicios\/valoracion-y-conciliacion-de-la-fta\/","url":"https:\/\/focus-solutions.net\/es\/servicios\/valoracion-y-conciliacion-de-la-fta\/","name":"Valoraci\u00f3n y conciliaci\u00f3n al amparo de tratados de libre comercio - Focus Business Solutions","isPartOf":{"@id":"https:\/\/focus-solutions.net\/es\/#website"},"datePublished":"2023-05-23T19:38:20+00:00","dateModified":"2023-11-24T02:23:07+00:00","breadcrumb":{"@id":"https:\/\/focus-solutions.net\/es\/servicios\/valoracion-y-conciliacion-de-la-fta\/#breadcrumb"},"inLanguage":"es","potentialAction":[{"@type":"ReadAction","target":["https:\/\/focus-solutions.net\/es\/servicios\/valoracion-y-conciliacion-de-la-fta\/"]}]},{"@type":"BreadcrumbList","@id":"https:\/\/focus-solutions.net\/es\/servicios\/valoracion-y-conciliacion-de-la-fta\/#breadcrumb","itemListElement":[{"@type":"ListItem","position":1,"name":"Home","item":"https:\/\/focus-solutions.net\/es\/inicio\/"},{"@type":"ListItem","position":2,"name":"Servicios","item":"https:\/\/focus-solutions.net\/es\/servicios\/"},{"@type":"ListItem","position":3,"name":"Valoraci\u00f3n y conciliaci\u00f3n al amparo de tratados de libre comercio"}]},{"@type":"WebSite","@id":"https:\/\/focus-solutions.net\/es\/#website","url":"https:\/\/focus-solutions.net\/es\/","name":"FOCUS Business Solutions","description":"International Trade Compliance Company","publisher":{"@id":"https:\/\/focus-solutions.net\/es\/#organization"},"potentialAction":[{"@type":"SearchAction","target":{"@type":"EntryPoint","urlTemplate":"https:\/\/focus-solutions.net\/es\/?s={search_term_string}"},"query-input":{"@type":"PropertyValueSpecification","valueRequired":true,"valueName":"search_term_string"}}],"inLanguage":"es"},{"@type":"Organization","@id":"https:\/\/focus-solutions.net\/es\/#organization","name":"FOCUS Business Solutions","url":"https:\/\/focus-solutions.net\/es\/","logo":{"@type":"ImageObject","inLanguage":"es","@id":"https:\/\/focus-solutions.net\/es\/#\/schema\/logo\/image\/","url":"https:\/\/focus-solutions.net\/wp-content\/uploads\/2023\/05\/FOCUS-Color-265px.png","contentUrl":"https:\/\/focus-solutions.net\/wp-content\/uploads\/2023\/05\/FOCUS-Color-265px.png","width":265,"height":83,"caption":"FOCUS Business Solutions"},"image":{"@id":"https:\/\/focus-solutions.net\/es\/#\/schema\/logo\/image\/"}}]}},"jetpack_sharing_enabled":true,"_links":{"self":[{"href":"https:\/\/focus-solutions.net\/es\/wp-json\/wp\/v2\/pages\/649","targetHints":{"allow":["GET"]}}],"collection":[{"href":"https:\/\/focus-solutions.net\/es\/wp-json\/wp\/v2\/pages"}],"about":[{"href":"https:\/\/focus-solutions.net\/es\/wp-json\/wp\/v2\/types\/page"}],"author":[{"embeddable":true,"href":"https:\/\/focus-solutions.net\/es\/wp-json\/wp\/v2\/users\/2"}],"replies":[{"embeddable":true,"href":"https:\/\/focus-solutions.net\/es\/wp-json\/wp\/v2\/comments?post=649"}],"version-history":[{"count":0,"href":"https:\/\/focus-solutions.net\/es\/wp-json\/wp\/v2\/pages\/649\/revisions"}],"up":[{"embeddable":true,"href":"https:\/\/focus-solutions.net\/es\/wp-json\/wp\/v2\/pages\/710"}],"wp:attachment":[{"href":"https:\/\/focus-solutions.net\/es\/wp-json\/wp\/v2\/media?parent=649"}],"curies":[{"name":"wp","href":"https:\/\/api.w.org\/{rel}","templated":true}]}}