{"id":655,"date":"2023-11-01T18:46:28","date_gmt":"2023-11-01T18:46:28","guid":{"rendered":"https:\/\/focus-solutions.net\/servicios-de-conformidad-en-mexico\/"},"modified":"2023-11-24T01:30:12","modified_gmt":"2023-11-24T01:30:12","slug":"servicios-de-conformidad-en-mexico","status":"publish","type":"page","link":"https:\/\/focus-solutions.net\/es\/servicios\/servicios-de-conformidad-en-mexico\/","title":{"rendered":"Servicios de cumplimiento en M\u00e9xico"},"content":{"rendered":"<p>[et_pb_section fb_built=\u00bb1&#8243; next_background_color=\u00bb#E9F1F7&#8243; _builder_version=\u00bb4.16&#8243; _module_preset=\u00bbdefault\u00bb background_enable_color=\u00bboff\u00bb background_enable_image=\u00bboff\u00bb background_blend=\u00bboverlay\u00bb bottom_divider_style=\u00bbramp2&#8243; global_colors_info=\u00bb{}\u00bb][et_pb_row column_structure=\u00bb1_2,1_2&#8243; make_equal=\u00bbon\u00bb _builder_version=\u00bb4.16&#8243; _module_preset=\u00bbdefault\u00bb background_enable_color=\u00bboff\u00bb global_colors_info=\u00bb{}\u00bb][et_pb_column type=\u00bb1_2&#8243; _builder_version=\u00bb4.16&#8243; _module_preset=\u00bbdefault\u00bb custom_css_main_element=\u00bbmargin: auto;\u00bb global_colors_info=\u00bb{}\u00bb][et_pb_text _builder_version=\u00bb4.22.2&#8243; _module_preset=\u00bbdefault\u00bb header_font=\u00bb|800|||||||\u00bb header_text_color=\u00bb#333333&#8243; header_font_size=\u00bb44px\u00bb custom_margin_tablet=\u00bb||5%||false|false\u00bb custom_margin_phone=\u00bb||5%||false|false\u00bb custom_margin_last_edited=\u00bbon|phone\u00bb header_font_size_tablet=\u00bb32px\u00bb header_font_size_phone=\u00bb24px\u00bb header_font_size_last_edited=\u00bbon|phone\u00bb global_colors_info=\u00bb{}\u00bb]<\/p>\n<h1>Servicios de cumplimineto en M\u00e9xico<\/h1>\n<p>[\/et_pb_text][et_pb_text _builder_version=\u00bb4.22.2&#8243; _module_preset=\u00bbdefault\u00bb text_text_color=\u00bb#333333&#8243; text_font_size=\u00bb16px\u00bb border_color_all=\u00bb#FFFFFF\u00bb global_colors_info=\u00bb{}\u00bb]<\/p>\n<p>En FOCUS, entendemos el complejo mundo del comercio internacional, y estamos dedicados a simplificar el proceso para sus necesidades de cumplimiento de comercio en M\u00e9xico. Nuestro equipo de especialistas en cumplimiento comercial en M\u00e9xico est\u00e1 aqu\u00ed para proporcionar un apoyo invaluable para su organizaci\u00f3n, ya sea que est\u00e9 lidiando con determinaciones de clasificaci\u00f3n arancelaria de M\u00e9xico, gestionando los tratados de libre comericio de M\u00e9xico y los requisitos de pa\u00eds de origen, o con las regulaciones de normas oficiales, buscando asistencia en la gesti\u00f3n de agentes aduanales o manejando las complejidades del programa IMMEX. Conf\u00ede en FOCUS como su socio de confianza para agilizar el cumplimiento de las normas comerciales de M\u00e9xico, para que pueda concentrarse en extender con confianza su negocio al \u00e1mbito internacional.<\/p>\n<p>[\/et_pb_text][\/et_pb_column][et_pb_column type=\u00bb1_2&#8243; _builder_version=\u00bb4.16&#8243; _module_preset=\u00bbdefault\u00bb global_colors_info=\u00bb{}\u00bb][et_pb_image src=\u00bbhttps:\/\/focus-solutions.net\/wp-content\/uploads\/2023\/11\/mexico-international-trade-compliance-services.jpg\u00bb title_text=\u00bbmexico-international-trade-compliance-services\u00bb _builder_version=\u00bb4.22.2&#8243; _module_preset=\u00bbdefault\u00bb hover_enabled=\u00bb0&#8243; global_colors_info=\u00bb{}\u00bb sticky_enabled=\u00bb0&#8243;][\/et_pb_image][\/et_pb_column][\/et_pb_row][\/et_pb_section][et_pb_section fb_built=\u00bb1&#8243; _builder_version=\u00bb4.16&#8243; _module_preset=\u00bbdefault\u00bb background_color=\u00bb#E9F1F7&#8243; global_colors_info=\u00bb{}\u00bb][et_pb_row _builder_version=\u00bb4.16&#8243; _module_preset=\u00bbdefault\u00bb global_colors_info=\u00bb{}\u00bb][et_pb_column type=\u00bb4_4&#8243; _builder_version=\u00bb4.16&#8243; _module_preset=\u00bbdefault\u00bb global_colors_info=\u00bb{}\u00bb][et_pb_text _builder_version=\u00bb4.22.2&#8243; _module_preset=\u00bbdefault\u00bb text_font_size=\u00bb25px\u00bb text_line_height=\u00bb1.8em\u00bb text_orientation=\u00bbcenter\u00bb max_width=\u00bb750px\u00bb module_alignment=\u00bbcenter\u00bb hover_enabled=\u00bb0&#8243; text_font_size_tablet=\u00bb18px\u00bb text_font_size_phone=\u00bb18px\u00bb text_font_size_last_edited=\u00bbon|phone\u00bb global_colors_info=\u00bb{}\u00bb sticky_enabled=\u00bb0&#8243;]<\/p>\n<p>Simplifique su cumplimiento comercial en M\u00e9xico con la gu\u00eda de expertos en clasificaci\u00f3n arancelaria, tratados de libre comercio, gesti\u00f3n de normas oficiales, programas IMMEX y servicios de consultor\u00eda en temas de comercio internacional y aduanas.<\/p>\n<p>[\/et_pb_text][\/et_pb_column][\/et_pb_row][\/et_pb_section][et_pb_section fb_built=\u00bb1&#8243; _builder_version=\u00bb4.16&#8243; _module_preset=\u00bbdefault\u00bb custom_padding=\u00bb6%||6%||true|false\u00bb global_colors_info=\u00bb{}\u00bb][et_pb_row column_structure=\u00bb1_2,1_2&#8243; _builder_version=\u00bb4.16&#8243; _module_preset=\u00bbdefault\u00bb global_colors_info=\u00bb{}\u00bb][et_pb_column type=\u00bb1_2&#8243; _builder_version=\u00bb4.16&#8243; _module_preset=\u00bbdefault\u00bb global_colors_info=\u00bb{}\u00bb][et_pb_blurb title=\u00bbDeterminaci\u00f3n y documentaci\u00f3n de la clasificaci\u00f3n arancelaria de M\u00e9xico.\u00bb use_icon=\u00bbon\u00bb font_icon=\u00bb&#x52;||divi||400&#8243; icon_color=\u00bb#1C2954&#8243; icon_placement=\u00bbleft\u00bb image_icon_width=\u00bb26px\u00bb _builder_version=\u00bb4.22.2&#8243; _module_preset=\u00bbdefault\u00bb hover_enabled=\u00bb0&#8243; global_colors_info=\u00bb{}\u00bb sticky_enabled=\u00bb0&#8243;][\/et_pb_blurb][et_pb_blurb title=\u00bbTratados de libre comercio con M\u00e9xico y servicios de determinaci\u00f3n del pa\u00eds de origen, incluidas las solicitudes a proveedores y la administraci\u00f3n de las respuestas correspondientes, la calificaci\u00f3n arancelaria, la certificaci\u00f3n de productos y la gesti\u00f3n de solicitudes de clientes. \u00bb use_icon=\u00bbon\u00bb font_icon=\u00bb&#x52;||divi||400&#8243; icon_color=\u00bb#1C2954&#8243; icon_placement=\u00bbleft\u00bb image_icon_width=\u00bb26px\u00bb _builder_version=\u00bb4.22.2&#8243; _module_preset=\u00bbdefault\u00bb hover_enabled=\u00bb0&#8243; global_colors_info=\u00bb{}\u00bb sticky_enabled=\u00bb0&#8243;][\/et_pb_blurb][et_pb_blurb title=\u00bbApoyo para la administraci\u00f3n de normas oficiales mexicanas\u00bb use_icon=\u00bbon\u00bb font_icon=\u00bb&#x52;||divi||400&#8243; icon_color=\u00bb#1C2954&#8243; icon_placement=\u00bbleft\u00bb image_icon_width=\u00bb26px\u00bb _builder_version=\u00bb4.22.2&#8243; _module_preset=\u00bbdefault\u00bb hover_enabled=\u00bb0&#8243; global_colors_info=\u00bb{}\u00bb sticky_enabled=\u00bb0&#8243;][\/et_pb_blurb][\/et_pb_column][et_pb_column type=\u00bb1_2&#8243; _builder_version=\u00bb4.16&#8243; _module_preset=\u00bbdefault\u00bb global_colors_info=\u00bb{}\u00bb][et_pb_blurb title=\u00bbApoyo en la administraci\u00f3n de agentes aduanales\u00bb use_icon=\u00bbon\u00bb font_icon=\u00bb&#x52;||divi||400&#8243; icon_color=\u00bb#1C2954&#8243; icon_placement=\u00bbleft\u00bb image_icon_width=\u00bb26px\u00bb _builder_version=\u00bb4.22.2&#8243; _module_preset=\u00bbdefault\u00bb hover_enabled=\u00bb0&#8243; global_colors_info=\u00bb{}\u00bb sticky_enabled=\u00bb0&#8243;][\/et_pb_blurb][et_pb_blurb title=\u00bbGesti\u00f3n del programa IMMEX, incluido el apoyo para la administraci\u00f3n de los anexos 24 y 30&#8243; use_icon=\u00bbon\u00bb font_icon=\u00bb&#x52;||divi||400&#8243; icon_color=\u00bb#1C2954&#8243; icon_placement=\u00bbleft\u00bb image_icon_width=\u00bb26px\u00bb _builder_version=\u00bb4.22.2&#8243; _module_preset=\u00bbdefault\u00bb hover_enabled=\u00bb0&#8243; global_colors_info=\u00bb{}\u00bb sticky_enabled=\u00bb0&#8243;][\/et_pb_blurb][et_pb_blurb title=\u00bbServicios de consultor\u00eda en temas de comercio internacional y aduanas (por ejemplo, controversias, reconstrucci\u00f3n de inventarios al amparo del programa IMMEX y su anexo 24, administraci\u00f3n del saldo de IVA bajo el anexo 30, administraci\u00f3n de impuestos y otros servicios generales de consultor\u00eda)\u00bb use_icon=\u00bbon\u00bb font_icon=\u00bb&#x52;||divi||400&#8243; icon_color=\u00bb#1C2954&#8243; icon_placement=\u00bbleft\u00bb image_icon_width=\u00bb26px\u00bb _builder_version=\u00bb4.22.2&#8243; _module_preset=\u00bbdefault\u00bb hover_enabled=\u00bb0&#8243; global_colors_info=\u00bb{}\u00bb sticky_enabled=\u00bb0&#8243;][\/et_pb_blurb][\/et_pb_column][\/et_pb_row][\/et_pb_section]<\/p>\n","protected":false},"excerpt":{"rendered":"<p>Servicios de cumplimineto en M\u00e9xicoEn FOCUS, entendemos el complejo mundo del comercio internacional, y estamos dedicados a simplificar el proceso para sus necesidades de cumplimiento de comercio en M\u00e9xico. Nuestro equipo de especialistas en cumplimiento comercial en M\u00e9xico est\u00e1 aqu\u00ed para proporcionar un apoyo invaluable para su organizaci\u00f3n, ya sea que est\u00e9 lidiando con determinaciones [&hellip;]<\/p>\n","protected":false},"author":2,"featured_media":0,"parent":710,"menu_order":0,"comment_status":"closed","ping_status":"closed","template":"","meta":{"_et_pb_use_builder":"on","_et_pb_old_content":"","_et_gb_content_width":"","footnotes":""},"class_list":["post-655","page","type-page","status-publish","hentry"],"yoast_head":"<!-- This site is optimized with the Yoast SEO plugin v27.1.1 - https:\/\/yoast.com\/product\/yoast-seo-wordpress\/ -->\n<title>Servicios de cumplimiento en M\u00e9xico - Focus Business Solutions<\/title>\n<meta name=\"robots\" content=\"index, follow, max-snippet:-1, max-image-preview:large, max-video-preview:-1\" \/>\n<link rel=\"canonical\" href=\"https:\/\/focus-solutions.net\/es\/servicios\/servicios-de-conformidad-en-mexico\/\" \/>\n<meta property=\"og:locale\" content=\"es_ES\" \/>\n<meta property=\"og:type\" content=\"article\" \/>\n<meta property=\"og:title\" content=\"Servicios de cumplimiento en M\u00e9xico - Focus Business Solutions\" \/>\n<meta property=\"og:description\" content=\"Servicios de cumplimineto en M\u00e9xicoEn FOCUS, entendemos el complejo mundo del comercio internacional, y estamos dedicados a simplificar el proceso para sus necesidades de cumplimiento de comercio en M\u00e9xico. Nuestro equipo de especialistas en cumplimiento comercial en M\u00e9xico est\u00e1 aqu\u00ed para proporcionar un apoyo invaluable para su organizaci\u00f3n, ya sea que est\u00e9 lidiando con determinaciones [&hellip;]\" \/>\n<meta property=\"og:url\" content=\"https:\/\/focus-solutions.net\/es\/servicios\/servicios-de-conformidad-en-mexico\/\" \/>\n<meta property=\"og:site_name\" content=\"Focus Business Solutions\" \/>\n<meta property=\"article:modified_time\" content=\"2023-11-24T01:30:12+00:00\" \/>\n<meta name=\"twitter:card\" content=\"summary_large_image\" \/>\n<meta name=\"twitter:label1\" content=\"Tiempo de lectura\" \/>\n\t<meta name=\"twitter:data1\" content=\"5 minutos\" \/>\n<script type=\"application\/ld+json\" class=\"yoast-schema-graph\">{\"@context\":\"https:\/\/schema.org\",\"@graph\":[{\"@type\":\"WebPage\",\"@id\":\"https:\/\/focus-solutions.net\/es\/servicios\/servicios-de-conformidad-en-mexico\/\",\"url\":\"https:\/\/focus-solutions.net\/es\/servicios\/servicios-de-conformidad-en-mexico\/\",\"name\":\"Servicios de cumplimiento en M\u00e9xico - Focus Business Solutions\",\"isPartOf\":{\"@id\":\"https:\/\/focus-solutions.net\/es\/#website\"},\"datePublished\":\"2023-11-01T18:46:28+00:00\",\"dateModified\":\"2023-11-24T01:30:12+00:00\",\"breadcrumb\":{\"@id\":\"https:\/\/focus-solutions.net\/es\/servicios\/servicios-de-conformidad-en-mexico\/#breadcrumb\"},\"inLanguage\":\"es\",\"potentialAction\":[{\"@type\":\"ReadAction\",\"target\":[\"https:\/\/focus-solutions.net\/es\/servicios\/servicios-de-conformidad-en-mexico\/\"]}]},{\"@type\":\"BreadcrumbList\",\"@id\":\"https:\/\/focus-solutions.net\/es\/servicios\/servicios-de-conformidad-en-mexico\/#breadcrumb\",\"itemListElement\":[{\"@type\":\"ListItem\",\"position\":1,\"name\":\"Home\",\"item\":\"https:\/\/focus-solutions.net\/es\/inicio\/\"},{\"@type\":\"ListItem\",\"position\":2,\"name\":\"Servicios\",\"item\":\"https:\/\/focus-solutions.net\/es\/servicios\/\"},{\"@type\":\"ListItem\",\"position\":3,\"name\":\"Servicios de cumplimiento en M\u00e9xico\"}]},{\"@type\":\"WebSite\",\"@id\":\"https:\/\/focus-solutions.net\/es\/#website\",\"url\":\"https:\/\/focus-solutions.net\/es\/\",\"name\":\"FOCUS Business Solutions\",\"description\":\"International Trade Compliance Company\",\"publisher\":{\"@id\":\"https:\/\/focus-solutions.net\/es\/#organization\"},\"potentialAction\":[{\"@type\":\"SearchAction\",\"target\":{\"@type\":\"EntryPoint\",\"urlTemplate\":\"https:\/\/focus-solutions.net\/es\/?s={search_term_string}\"},\"query-input\":{\"@type\":\"PropertyValueSpecification\",\"valueRequired\":true,\"valueName\":\"search_term_string\"}}],\"inLanguage\":\"es\"},{\"@type\":\"Organization\",\"@id\":\"https:\/\/focus-solutions.net\/es\/#organization\",\"name\":\"FOCUS Business Solutions\",\"url\":\"https:\/\/focus-solutions.net\/es\/\",\"logo\":{\"@type\":\"ImageObject\",\"inLanguage\":\"es\",\"@id\":\"https:\/\/focus-solutions.net\/es\/#\/schema\/logo\/image\/\",\"url\":\"https:\/\/focus-solutions.net\/wp-content\/uploads\/2023\/05\/FOCUS-Color-265px.png\",\"contentUrl\":\"https:\/\/focus-solutions.net\/wp-content\/uploads\/2023\/05\/FOCUS-Color-265px.png\",\"width\":265,\"height\":83,\"caption\":\"FOCUS Business Solutions\"},\"image\":{\"@id\":\"https:\/\/focus-solutions.net\/es\/#\/schema\/logo\/image\/\"}}]}<\/script>\n<!-- \/ Yoast SEO plugin. -->","yoast_head_json":{"title":"Servicios de cumplimiento en M\u00e9xico - Focus Business Solutions","robots":{"index":"index","follow":"follow","max-snippet":"max-snippet:-1","max-image-preview":"max-image-preview:large","max-video-preview":"max-video-preview:-1"},"canonical":"https:\/\/focus-solutions.net\/es\/servicios\/servicios-de-conformidad-en-mexico\/","og_locale":"es_ES","og_type":"article","og_title":"Servicios de cumplimiento en M\u00e9xico - Focus Business Solutions","og_description":"Servicios de cumplimineto en M\u00e9xicoEn FOCUS, entendemos el complejo mundo del comercio internacional, y estamos dedicados a simplificar el proceso para sus necesidades de cumplimiento de comercio en M\u00e9xico. Nuestro equipo de especialistas en cumplimiento comercial en M\u00e9xico est\u00e1 aqu\u00ed para proporcionar un apoyo invaluable para su organizaci\u00f3n, ya sea que est\u00e9 lidiando con determinaciones [&hellip;]","og_url":"https:\/\/focus-solutions.net\/es\/servicios\/servicios-de-conformidad-en-mexico\/","og_site_name":"Focus Business Solutions","article_modified_time":"2023-11-24T01:30:12+00:00","twitter_card":"summary_large_image","twitter_misc":{"Tiempo de lectura":"5 minutos"},"schema":{"@context":"https:\/\/schema.org","@graph":[{"@type":"WebPage","@id":"https:\/\/focus-solutions.net\/es\/servicios\/servicios-de-conformidad-en-mexico\/","url":"https:\/\/focus-solutions.net\/es\/servicios\/servicios-de-conformidad-en-mexico\/","name":"Servicios de cumplimiento en M\u00e9xico - Focus Business Solutions","isPartOf":{"@id":"https:\/\/focus-solutions.net\/es\/#website"},"datePublished":"2023-11-01T18:46:28+00:00","dateModified":"2023-11-24T01:30:12+00:00","breadcrumb":{"@id":"https:\/\/focus-solutions.net\/es\/servicios\/servicios-de-conformidad-en-mexico\/#breadcrumb"},"inLanguage":"es","potentialAction":[{"@type":"ReadAction","target":["https:\/\/focus-solutions.net\/es\/servicios\/servicios-de-conformidad-en-mexico\/"]}]},{"@type":"BreadcrumbList","@id":"https:\/\/focus-solutions.net\/es\/servicios\/servicios-de-conformidad-en-mexico\/#breadcrumb","itemListElement":[{"@type":"ListItem","position":1,"name":"Home","item":"https:\/\/focus-solutions.net\/es\/inicio\/"},{"@type":"ListItem","position":2,"name":"Servicios","item":"https:\/\/focus-solutions.net\/es\/servicios\/"},{"@type":"ListItem","position":3,"name":"Servicios de cumplimiento en M\u00e9xico"}]},{"@type":"WebSite","@id":"https:\/\/focus-solutions.net\/es\/#website","url":"https:\/\/focus-solutions.net\/es\/","name":"FOCUS Business Solutions","description":"International Trade Compliance Company","publisher":{"@id":"https:\/\/focus-solutions.net\/es\/#organization"},"potentialAction":[{"@type":"SearchAction","target":{"@type":"EntryPoint","urlTemplate":"https:\/\/focus-solutions.net\/es\/?s={search_term_string}"},"query-input":{"@type":"PropertyValueSpecification","valueRequired":true,"valueName":"search_term_string"}}],"inLanguage":"es"},{"@type":"Organization","@id":"https:\/\/focus-solutions.net\/es\/#organization","name":"FOCUS Business Solutions","url":"https:\/\/focus-solutions.net\/es\/","logo":{"@type":"ImageObject","inLanguage":"es","@id":"https:\/\/focus-solutions.net\/es\/#\/schema\/logo\/image\/","url":"https:\/\/focus-solutions.net\/wp-content\/uploads\/2023\/05\/FOCUS-Color-265px.png","contentUrl":"https:\/\/focus-solutions.net\/wp-content\/uploads\/2023\/05\/FOCUS-Color-265px.png","width":265,"height":83,"caption":"FOCUS Business Solutions"},"image":{"@id":"https:\/\/focus-solutions.net\/es\/#\/schema\/logo\/image\/"}}]}},"jetpack_sharing_enabled":true,"_links":{"self":[{"href":"https:\/\/focus-solutions.net\/es\/wp-json\/wp\/v2\/pages\/655","targetHints":{"allow":["GET"]}}],"collection":[{"href":"https:\/\/focus-solutions.net\/es\/wp-json\/wp\/v2\/pages"}],"about":[{"href":"https:\/\/focus-solutions.net\/es\/wp-json\/wp\/v2\/types\/page"}],"author":[{"embeddable":true,"href":"https:\/\/focus-solutions.net\/es\/wp-json\/wp\/v2\/users\/2"}],"replies":[{"embeddable":true,"href":"https:\/\/focus-solutions.net\/es\/wp-json\/wp\/v2\/comments?post=655"}],"version-history":[{"count":0,"href":"https:\/\/focus-solutions.net\/es\/wp-json\/wp\/v2\/pages\/655\/revisions"}],"up":[{"embeddable":true,"href":"https:\/\/focus-solutions.net\/es\/wp-json\/wp\/v2\/pages\/710"}],"wp:attachment":[{"href":"https:\/\/focus-solutions.net\/es\/wp-json\/wp\/v2\/media?parent=655"}],"curies":[{"name":"wp","href":"https:\/\/api.w.org\/{rel}","templated":true}]}}