{"id":660,"date":"2023-05-26T19:29:10","date_gmt":"2023-05-26T19:29:10","guid":{"rendered":"https:\/\/focus-solutions.net\/auditorias-aduaneras-y-verificaciones-de-origen\/"},"modified":"2023-11-23T17:39:40","modified_gmt":"2023-11-23T17:39:40","slug":"auditorias-aduaneras-y-verificaciones-de-origen","status":"publish","type":"page","link":"https:\/\/focus-solutions.net\/es\/servicios\/auditorias-aduaneras-y-verificaciones-de-origen\/","title":{"rendered":"Auditor\u00edas aduaneras y verificaciones de origen"},"content":{"rendered":"<p>[et_pb_section fb_built=\u00bb1&#8243; next_background_color=\u00bb#E9F1F7&#8243; _builder_version=\u00bb4.16&#8243; _module_preset=\u00bbdefault\u00bb background_enable_color=\u00bboff\u00bb background_enable_image=\u00bboff\u00bb background_blend=\u00bboverlay\u00bb bottom_divider_style=\u00bbramp2&#8243; global_colors_info=\u00bb{}\u00bb][et_pb_row column_structure=\u00bb1_2,1_2&#8243; make_equal=\u00bbon\u00bb _builder_version=\u00bb4.16&#8243; _module_preset=\u00bbdefault\u00bb background_enable_color=\u00bboff\u00bb global_colors_info=\u00bb{}\u00bb][et_pb_column type=\u00bb1_2&#8243; _builder_version=\u00bb4.16&#8243; _module_preset=\u00bbdefault\u00bb custom_css_main_element=\u00bbmargin: auto;\u00bb global_colors_info=\u00bb{}\u00bb][et_pb_text _builder_version=\u00bb4.16.1&#8243; _module_preset=\u00bbdefault\u00bb header_font=\u00bb|800|||||||\u00bb header_text_color=\u00bb#333333&#8243; header_font_size=\u00bb44px\u00bb custom_margin_tablet=\u00bb||5%||false|false\u00bb custom_margin_phone=\u00bb||5%||false|false\u00bb custom_margin_last_edited=\u00bbon|phone\u00bb header_font_size_tablet=\u00bb32px\u00bb header_font_size_phone=\u00bb24px\u00bb header_font_size_last_edited=\u00bbon|phone\u00bb global_colors_info=\u00bb{}\u00bb]<\/p>\n<h1>Auditor\u00edas aduaneras y verificaciones de origen<\/h1>\n<p>[\/et_pb_text][et_pb_text _builder_version=\u00bb4.16.1&#8243; _module_preset=\u00bbdefault\u00bb text_text_color=\u00bb#333333&#8243; text_font_size=\u00bb16px\u00bb border_color_all=\u00bb#FFFFFF\u00bb global_colors_info=\u00bb{}\u00bb]<\/p>\n<p>FOCUS cuenta con m\u00e1s de 25 a\u00f1os de experiencia preparando a nuestros clientes y gestionando auditor\u00edas aduaneras y verificaciones de origen. Nuestro enfoque en el trabajo diario incluye s\u00f3lidos controles para asegurar el cumplimiento de las regulaciones de comercio internacional, con miembros del equipo bien capacitados, procesos y sistemas cuidadosamente orientados al cumplimiento y documentaci\u00f3n de seguimiento dise\u00f1ada para respaldar las auditor\u00edas aduaneras y las verificaciones de origen. Ayudamos a nuestros clientes a preparar, planificar y dar cabal cumplimiento a auditor\u00edas aduaneras y verificaciones de origen, cuando es necesario.<\/p>\n<p>[\/et_pb_text][\/et_pb_column][et_pb_column type=\u00bb1_2&#8243; _builder_version=\u00bb4.16&#8243; _module_preset=\u00bbdefault\u00bb global_colors_info=\u00bb{}\u00bb][et_pb_image src=\u00bbhttps:\/\/focus-solutions.net\/wp-content\/uploads\/2022\/03\/Audit_Focus_Business_Solutions_500px.jpg\u00bb title_text=\u00bbAuditor\u00eda_Focus_Soluciones_de_empresa_500px\u00bb _builder_version=\u00bb4.16&#8243; _module_preset=\u00bbdefault\u00bb global_colors_info=\u00bb{}\u00bb][\/et_pb_image][\/et_pb_column][\/et_pb_row][\/et_pb_section][et_pb_section fb_built=\u00bb1&#8243; _builder_version=\u00bb4.16&#8243; _module_preset=\u00bbdefault\u00bb background_color=\u00bb#E9F1F7&#8243; global_colors_info=\u00bb{}\u00bb][et_pb_row _builder_version=\u00bb4.16&#8243; _module_preset=\u00bbdefault\u00bb global_colors_info=\u00bb{}\u00bb][et_pb_column type=\u00bb4_4&#8243; _builder_version=\u00bb4.16&#8243; _module_preset=\u00bbdefault\u00bb global_colors_info=\u00bb{}\u00bb][et_pb_text _builder_version=\u00bb4.16.1&#8243; _module_preset=\u00bbdefault\u00bb text_font_size=\u00bb25px\u00bb text_line_height=\u00bb1.8em\u00bb text_orientation=\u00bbcenter\u00bb max_width=\u00bb750px\u00bb module_alignment=\u00bbcenter\u00bb text_font_size_tablet=\u00bb18px\u00bb text_font_size_phone=\u00bb18px\u00bb text_font_size_last_edited=\u00bbon|phone\u00bb global_colors_info=\u00bb{}\u00bb]<\/p>\n<p>FOCUS aplica un enfoque profesional y exhaustivo a la gesti\u00f3n de sus auditor\u00edas aduaneras o verificaciones de origen.<\/p>\n<p>[\/et_pb_text][\/et_pb_column][\/et_pb_row][\/et_pb_section][et_pb_section fb_built=\u00bb1&#8243; _builder_version=\u00bb4.16&#8243; _module_preset=\u00bbdefault\u00bb custom_padding=\u00bb6%||6%||true|false\u00bb global_colors_info=\u00bb{}\u00bb][et_pb_row column_structure=\u00bb1_2,1_2&#8243; _builder_version=\u00bb4.16&#8243; _module_preset=\u00bbdefault\u00bb global_colors_info=\u00bb{}\u00bb][et_pb_column type=\u00bb1_2&#8243; _builder_version=\u00bb4.16&#8243; _module_preset=\u00bbdefault\u00bb global_colors_info=\u00bb{}\u00bb][et_pb_blurb title=\u00bbDise\u00f1o de controles internos a nuestros procesos orientados al cumplimiento aduanero y de comercio internacional\u00bb use_icon=\u00bbon\u00bb font_icon=\u00bb&#x52;||divi||400&#8243; icon_color=\u00bb#1C2954&#8243; icon_placement=\u00bbleft\u00bb image_icon_width=\u00bb26px\u00bb _builder_version=\u00bb4.16.1&#8243; _module_preset=\u00bbdefault\u00bb hover_enabled=\u00bb0&#8243; global_colors_info=\u00bb{}\u00bb sticky_enabled=\u00bb0&#8243;][\/et_pb_blurb][et_pb_blurb title=\u00bbIntegraci\u00f3n de los cambios recomendados tras la auditor\u00eda \/ verificaci\u00f3n \u00bb use_icon=\u00bbon\u00bb font_icon=\u00bb&#x52;||divi||400&#8243; icon_color=\u00bb#1C2954&#8243; icon_placement=\u00bbleft\u00bb image_icon_width=\u00bb26px\u00bb _builder_version=\u00bb4.16.1&#8243; _module_preset=\u00bbdefault\u00bb global_colors_info=\u00bb{}\u00bb][\/et_pb_blurb][\/et_pb_column][et_pb_column type=\u00bb1_2&#8243; _builder_version=\u00bb4.16&#8243; _module_preset=\u00bbdefault\u00bb global_colors_info=\u00bb{}\u00bb][et_pb_blurb title=\u00bbRegistros de auditor\u00eda detallados y razonamientos para la decisi\u00f3n\u00bb use_icon=\u00bbon\u00bb font_icon=\u00bb&#x52;||divi||400&#8243; icon_color=\u00bb#1C2954&#8243; icon_placement=\u00bbleft\u00bb image_icon_width=\u00bb26px\u00bb _builder_version=\u00bb4.16.1&#8243; _module_preset=\u00bbdefault\u00bb hover_enabled=\u00bb0&#8243; global_colors_info=\u00bb{}\u00bb sticky_enabled=\u00bb0&#8243;][\/et_pb_blurb][et_pb_blurb title=\u00bbEnfoque profesional y compromiso con las autoridades aduaneras\u00bb use_icon=\u00bbon\u00bb font_icon=\u00bb&#x52;||divi||400&#8243; icon_color=\u00bb#1C2954&#8243; icon_placement=\u00bbleft\u00bb image_icon_width=\u00bb26px\u00bb _builder_version=\u00bb4.16.1&#8243; _module_preset=\u00bbdefault\u00bb global_colors_info=\u00bb{}\u00bb][\/et_pb_blurb][\/et_pb_column][\/et_pb_row][\/et_pb_section]<\/p>\n","protected":false},"excerpt":{"rendered":"<p>Auditor\u00edas aduaneras y verificaciones de origenFOCUS cuenta con m\u00e1s de 25 a\u00f1os de experiencia preparando a nuestros clientes y gestionando auditor\u00edas aduaneras y verificaciones de origen. Nuestro enfoque en el trabajo diario incluye s\u00f3lidos controles para asegurar el cumplimiento de las regulaciones de comercio internacional, con miembros del equipo bien capacitados, procesos y sistemas cuidadosamente [&hellip;]<\/p>\n","protected":false},"author":2,"featured_media":0,"parent":710,"menu_order":0,"comment_status":"closed","ping_status":"closed","template":"","meta":{"_et_pb_use_builder":"on","_et_pb_old_content":"","_et_gb_content_width":"","footnotes":""},"class_list":["post-660","page","type-page","status-publish","hentry"],"yoast_head":"<!-- This site is optimized with the Yoast SEO plugin v27.4 - https:\/\/yoast.com\/product\/yoast-seo-wordpress\/ -->\n<title>Auditor\u00edas aduaneras y verificaciones de origen - Focus Business Solutions<\/title>\n<meta name=\"robots\" content=\"index, follow, max-snippet:-1, max-image-preview:large, max-video-preview:-1\" \/>\n<link rel=\"canonical\" href=\"https:\/\/focus-solutions.net\/es\/servicios\/auditorias-aduaneras-y-verificaciones-de-origen\/\" \/>\n<meta property=\"og:locale\" content=\"es_ES\" \/>\n<meta property=\"og:type\" content=\"article\" \/>\n<meta property=\"og:title\" content=\"Auditor\u00edas aduaneras y verificaciones de origen - Focus Business Solutions\" \/>\n<meta property=\"og:description\" content=\"Auditor\u00edas aduaneras y verificaciones de origenFOCUS cuenta con m\u00e1s de 25 a\u00f1os de experiencia preparando a nuestros clientes y gestionando auditor\u00edas aduaneras y verificaciones de origen. Nuestro enfoque en el trabajo diario incluye s\u00f3lidos controles para asegurar el cumplimiento de las regulaciones de comercio internacional, con miembros del equipo bien capacitados, procesos y sistemas cuidadosamente [&hellip;]\" \/>\n<meta property=\"og:url\" content=\"https:\/\/focus-solutions.net\/es\/servicios\/auditorias-aduaneras-y-verificaciones-de-origen\/\" \/>\n<meta property=\"og:site_name\" content=\"Focus Business Solutions\" \/>\n<meta property=\"article:modified_time\" content=\"2023-11-23T17:39:40+00:00\" \/>\n<meta name=\"twitter:card\" content=\"summary_large_image\" \/>\n<meta name=\"twitter:label1\" content=\"Tiempo de lectura\" \/>\n\t<meta name=\"twitter:data1\" content=\"3 minutos\" \/>\n<script type=\"application\/ld+json\" class=\"yoast-schema-graph\">{\"@context\":\"https:\\\/\\\/schema.org\",\"@graph\":[{\"@type\":\"WebPage\",\"@id\":\"https:\\\/\\\/focus-solutions.net\\\/es\\\/servicios\\\/auditorias-aduaneras-y-verificaciones-de-origen\\\/\",\"url\":\"https:\\\/\\\/focus-solutions.net\\\/es\\\/servicios\\\/auditorias-aduaneras-y-verificaciones-de-origen\\\/\",\"name\":\"Auditor\u00edas aduaneras y verificaciones de origen - Focus Business Solutions\",\"isPartOf\":{\"@id\":\"https:\\\/\\\/focus-solutions.net\\\/es\\\/#website\"},\"datePublished\":\"2023-05-26T19:29:10+00:00\",\"dateModified\":\"2023-11-23T17:39:40+00:00\",\"breadcrumb\":{\"@id\":\"https:\\\/\\\/focus-solutions.net\\\/es\\\/servicios\\\/auditorias-aduaneras-y-verificaciones-de-origen\\\/#breadcrumb\"},\"inLanguage\":\"es\",\"potentialAction\":[{\"@type\":\"ReadAction\",\"target\":[\"https:\\\/\\\/focus-solutions.net\\\/es\\\/servicios\\\/auditorias-aduaneras-y-verificaciones-de-origen\\\/\"]}]},{\"@type\":\"BreadcrumbList\",\"@id\":\"https:\\\/\\\/focus-solutions.net\\\/es\\\/servicios\\\/auditorias-aduaneras-y-verificaciones-de-origen\\\/#breadcrumb\",\"itemListElement\":[{\"@type\":\"ListItem\",\"position\":1,\"name\":\"Home\",\"item\":\"https:\\\/\\\/focus-solutions.net\\\/es\\\/inicio\\\/\"},{\"@type\":\"ListItem\",\"position\":2,\"name\":\"Servicios\",\"item\":\"https:\\\/\\\/focus-solutions.net\\\/es\\\/servicios\\\/\"},{\"@type\":\"ListItem\",\"position\":3,\"name\":\"Auditor\u00edas aduaneras y verificaciones de origen\"}]},{\"@type\":\"WebSite\",\"@id\":\"https:\\\/\\\/focus-solutions.net\\\/es\\\/#website\",\"url\":\"https:\\\/\\\/focus-solutions.net\\\/es\\\/\",\"name\":\"FOCUS Business Solutions\",\"description\":\"International Trade Compliance Company\",\"publisher\":{\"@id\":\"https:\\\/\\\/focus-solutions.net\\\/es\\\/#organization\"},\"potentialAction\":[{\"@type\":\"SearchAction\",\"target\":{\"@type\":\"EntryPoint\",\"urlTemplate\":\"https:\\\/\\\/focus-solutions.net\\\/es\\\/?s={search_term_string}\"},\"query-input\":{\"@type\":\"PropertyValueSpecification\",\"valueRequired\":true,\"valueName\":\"search_term_string\"}}],\"inLanguage\":\"es\"},{\"@type\":\"Organization\",\"@id\":\"https:\\\/\\\/focus-solutions.net\\\/es\\\/#organization\",\"name\":\"FOCUS Business Solutions\",\"url\":\"https:\\\/\\\/focus-solutions.net\\\/es\\\/\",\"logo\":{\"@type\":\"ImageObject\",\"inLanguage\":\"es\",\"@id\":\"https:\\\/\\\/focus-solutions.net\\\/es\\\/#\\\/schema\\\/logo\\\/image\\\/\",\"url\":\"https:\\\/\\\/focus-solutions.net\\\/wp-content\\\/uploads\\\/2023\\\/05\\\/FOCUS-Color-265px.png\",\"contentUrl\":\"https:\\\/\\\/focus-solutions.net\\\/wp-content\\\/uploads\\\/2023\\\/05\\\/FOCUS-Color-265px.png\",\"width\":265,\"height\":83,\"caption\":\"FOCUS Business Solutions\"},\"image\":{\"@id\":\"https:\\\/\\\/focus-solutions.net\\\/es\\\/#\\\/schema\\\/logo\\\/image\\\/\"}}]}<\/script>\n<!-- \/ Yoast SEO plugin. -->","yoast_head_json":{"title":"Auditor\u00edas aduaneras y verificaciones de origen - Focus Business Solutions","robots":{"index":"index","follow":"follow","max-snippet":"max-snippet:-1","max-image-preview":"max-image-preview:large","max-video-preview":"max-video-preview:-1"},"canonical":"https:\/\/focus-solutions.net\/es\/servicios\/auditorias-aduaneras-y-verificaciones-de-origen\/","og_locale":"es_ES","og_type":"article","og_title":"Auditor\u00edas aduaneras y verificaciones de origen - Focus Business Solutions","og_description":"Auditor\u00edas aduaneras y verificaciones de origenFOCUS cuenta con m\u00e1s de 25 a\u00f1os de experiencia preparando a nuestros clientes y gestionando auditor\u00edas aduaneras y verificaciones de origen. Nuestro enfoque en el trabajo diario incluye s\u00f3lidos controles para asegurar el cumplimiento de las regulaciones de comercio internacional, con miembros del equipo bien capacitados, procesos y sistemas cuidadosamente [&hellip;]","og_url":"https:\/\/focus-solutions.net\/es\/servicios\/auditorias-aduaneras-y-verificaciones-de-origen\/","og_site_name":"Focus Business Solutions","article_modified_time":"2023-11-23T17:39:40+00:00","twitter_card":"summary_large_image","twitter_misc":{"Tiempo de lectura":"3 minutos"},"schema":{"@context":"https:\/\/schema.org","@graph":[{"@type":"WebPage","@id":"https:\/\/focus-solutions.net\/es\/servicios\/auditorias-aduaneras-y-verificaciones-de-origen\/","url":"https:\/\/focus-solutions.net\/es\/servicios\/auditorias-aduaneras-y-verificaciones-de-origen\/","name":"Auditor\u00edas aduaneras y verificaciones de origen - Focus Business Solutions","isPartOf":{"@id":"https:\/\/focus-solutions.net\/es\/#website"},"datePublished":"2023-05-26T19:29:10+00:00","dateModified":"2023-11-23T17:39:40+00:00","breadcrumb":{"@id":"https:\/\/focus-solutions.net\/es\/servicios\/auditorias-aduaneras-y-verificaciones-de-origen\/#breadcrumb"},"inLanguage":"es","potentialAction":[{"@type":"ReadAction","target":["https:\/\/focus-solutions.net\/es\/servicios\/auditorias-aduaneras-y-verificaciones-de-origen\/"]}]},{"@type":"BreadcrumbList","@id":"https:\/\/focus-solutions.net\/es\/servicios\/auditorias-aduaneras-y-verificaciones-de-origen\/#breadcrumb","itemListElement":[{"@type":"ListItem","position":1,"name":"Home","item":"https:\/\/focus-solutions.net\/es\/inicio\/"},{"@type":"ListItem","position":2,"name":"Servicios","item":"https:\/\/focus-solutions.net\/es\/servicios\/"},{"@type":"ListItem","position":3,"name":"Auditor\u00edas aduaneras y verificaciones de origen"}]},{"@type":"WebSite","@id":"https:\/\/focus-solutions.net\/es\/#website","url":"https:\/\/focus-solutions.net\/es\/","name":"FOCUS Business Solutions","description":"International Trade Compliance Company","publisher":{"@id":"https:\/\/focus-solutions.net\/es\/#organization"},"potentialAction":[{"@type":"SearchAction","target":{"@type":"EntryPoint","urlTemplate":"https:\/\/focus-solutions.net\/es\/?s={search_term_string}"},"query-input":{"@type":"PropertyValueSpecification","valueRequired":true,"valueName":"search_term_string"}}],"inLanguage":"es"},{"@type":"Organization","@id":"https:\/\/focus-solutions.net\/es\/#organization","name":"FOCUS Business Solutions","url":"https:\/\/focus-solutions.net\/es\/","logo":{"@type":"ImageObject","inLanguage":"es","@id":"https:\/\/focus-solutions.net\/es\/#\/schema\/logo\/image\/","url":"https:\/\/focus-solutions.net\/wp-content\/uploads\/2023\/05\/FOCUS-Color-265px.png","contentUrl":"https:\/\/focus-solutions.net\/wp-content\/uploads\/2023\/05\/FOCUS-Color-265px.png","width":265,"height":83,"caption":"FOCUS Business Solutions"},"image":{"@id":"https:\/\/focus-solutions.net\/es\/#\/schema\/logo\/image\/"}}]}},"jetpack_sharing_enabled":true,"_links":{"self":[{"href":"https:\/\/focus-solutions.net\/es\/wp-json\/wp\/v2\/pages\/660","targetHints":{"allow":["GET"]}}],"collection":[{"href":"https:\/\/focus-solutions.net\/es\/wp-json\/wp\/v2\/pages"}],"about":[{"href":"https:\/\/focus-solutions.net\/es\/wp-json\/wp\/v2\/types\/page"}],"author":[{"embeddable":true,"href":"https:\/\/focus-solutions.net\/es\/wp-json\/wp\/v2\/users\/2"}],"replies":[{"embeddable":true,"href":"https:\/\/focus-solutions.net\/es\/wp-json\/wp\/v2\/comments?post=660"}],"version-history":[{"count":0,"href":"https:\/\/focus-solutions.net\/es\/wp-json\/wp\/v2\/pages\/660\/revisions"}],"up":[{"embeddable":true,"href":"https:\/\/focus-solutions.net\/es\/wp-json\/wp\/v2\/pages\/710"}],"wp:attachment":[{"href":"https:\/\/focus-solutions.net\/es\/wp-json\/wp\/v2\/media?parent=660"}],"curies":[{"name":"wp","href":"https:\/\/api.w.org\/{rel}","templated":true}]}}