{"id":704,"date":"2022-03-29T15:58:37","date_gmt":"2022-03-29T15:58:37","guid":{"rendered":"https:\/\/focus-solutions.net\/carreras-profesionales\/"},"modified":"2023-11-08T19:33:56","modified_gmt":"2023-11-08T19:33:56","slug":"carreras-profesionales","status":"publish","type":"page","link":"https:\/\/focus-solutions.net\/es\/carreras-profesionales\/","title":{"rendered":"Carreras profesionales"},"content":{"rendered":"<p>[et_pb_section fb_built=\u00bb1&#8243; _builder_version=\u00bb4.16.1&#8243; _module_preset=\u00bbdefault\u00bb background_enable_color=\u00bboff\u00bb background_enable_image=\u00bboff\u00bb background_blend=\u00bboverlay\u00bb global_colors_info=\u00bb{}\u00bb][et_pb_row column_structure=\u00bb1_2,1_2&#8243; make_equal=\u00bbon\u00bb _builder_version=\u00bb4.16&#8243; _module_preset=\u00bbdefault\u00bb background_enable_color=\u00bboff\u00bb global_colors_info=\u00bb{}\u00bb][et_pb_column type=\u00bb1_2&#8243; _builder_version=\u00bb4.16&#8243; _module_preset=\u00bbdefault\u00bb custom_css_main_element=\u00bbmargin: auto;\u00bb global_colors_info=\u00bb{}\u00bb][et_pb_text _builder_version=\u00bb4.16.1&#8243; _module_preset=\u00bbdefault\u00bb header_font=\u00bb|800|||||||\u00bb header_text_color=\u00bb#333333&#8243; header_font_size=\u00bb44px\u00bb custom_margin_tablet=\u00bb||5%||false|false\u00bb custom_margin_phone=\u00bb||5%||false|false\u00bb custom_margin_last_edited=\u00bbon|phone\u00bb header_font_size_tablet=\u00bb32px\u00bb header_font_size_phone=\u00bb24px\u00bb header_font_size_last_edited=\u00bbon|phone\u00bb global_colors_info=\u00bb{}\u00bb]<\/p>\n<h1>Empleo en FOCUS<\/h1>\n<p>[\/et_pb_text][et_pb_text _builder_version=\u00bb4.16.1&#8243; _module_preset=\u00bbdefault\u00bb text_text_color=\u00bb#333333&#8243; text_font_size=\u00bb16px\u00bb border_color_all=\u00bb#FFFFFF\u00bb global_colors_info=\u00bb{}\u00bb]<\/p>\n<p>FOCUS es un entorno de trabajo positivo con muchas oportunidades de progreso. Apoyamos un equilibrio muy flexible entre trabajo y vida personal con opciones de trabajo desde la oficina y trabajo desde casa. Divertirse, aprender y crecer profesionalmente es una parte importante de la experiencia de nuestros empleados. FOCUS tiene una remuneraci\u00f3n muy competitiva (que incluye salario, prestaciones sanitarias, dentales y de previsi\u00f3n, tiempo libre remunerado, d\u00edas de vacaciones, etc.). FOCUS cuenta con un s\u00f3lido programa de recomendaci\u00f3n de empleados que hist\u00f3ricamente ha proporcionado m\u00e1s del 90% de nuestras nuevas contrataciones.<\/p>\n<p>[\/et_pb_text][\/et_pb_column][et_pb_column type=\u00bb1_2&#8243; _builder_version=\u00bb4.16&#8243; _module_preset=\u00bbdefault\u00bb global_colors_info=\u00bb{}\u00bb][et_pb_image src=\u00bbhttps:\/\/focus-solutions.net\/wp-content\/uploads\/2022\/03\/International-Trade-Compliance-Consulting-Services-Focus-Business-Solutions-500px.jpg\u00bb title_text=\u00bbServicios de consultor\u00eda sobre el cumplimiento de la normativa comercial internacional: soluciones para empresas-500px\u00bb _builder_version=\u00bb4.16.1&#8243; _module_preset=\u00bbdefault\u00bb global_colors_info=\u00bb{}\u00bb][\/et_pb_image][\/et_pb_column][\/et_pb_row][\/et_pb_section][et_pb_section fb_built=\u00bb1&#8243; _builder_version=\u00bb4.16&#8243; _module_preset=\u00bbdefault\u00bb background_color=\u00bb#E9F1F7&#8243; global_colors_info=\u00bb{}\u00bb][et_pb_row _builder_version=\u00bb4.16&#8243; _module_preset=\u00bbdefault\u00bb global_colors_info=\u00bb{}\u00bb][et_pb_column type=\u00bb4_4&#8243; _builder_version=\u00bb4.16&#8243; _module_preset=\u00bbdefault\u00bb global_colors_info=\u00bb{}\u00bb][et_pb_text _builder_version=\u00bb4.16.1&#8243; _module_preset=\u00bbdefault\u00bb text_font_size=\u00bb25px\u00bb text_line_height=\u00bb1.8em\u00bb text_orientation=\u00bbcenter\u00bb max_width=\u00bb750px\u00bb module_alignment=\u00bbcenter\u00bb text_font_size_tablet=\u00bb18px\u00bb text_font_size_phone=\u00bb18px\u00bb text_font_size_last_edited=\u00bbon|phone\u00bb global_colors_info=\u00bb{}\u00bb]<\/p>\n<p>FOCUS es una empresa en la que te gustar\u00e1 venir a trabajar y crecer profesionalmente.<\/p>\n<p>[\/et_pb_text][\/et_pb_column][\/et_pb_row][\/et_pb_section][et_pb_section fb_built=\u00bb1&#8243; _builder_version=\u00bb4.16&#8243; _module_preset=\u00bbdefault\u00bb background_color=\u00bb#F5F5F5&#8243; custom_padding=\u00bb6%||6%||true|false\u00bb global_colors_info=\u00bb{}\u00bb][et_pb_row _builder_version=\u00bb4.16&#8243; _module_preset=\u00bbdefault\u00bb global_colors_info=\u00bb{}\u00bb][et_pb_column type=\u00bb4_4&#8243; _builder_version=\u00bb4.16&#8243; _module_preset=\u00bbdefault\u00bb global_colors_info=\u00bb{}\u00bb][et_pb_text _builder_version=\u00bb4.16.1&#8243; _module_preset=\u00bbdefault\u00bb header_font=\u00bb|800|||||||\u00bb header_text_color=\u00bb#E1CDB5&#8243; header_font_size=\u00bb44px\u00bb header_2_font=\u00bb|800||on|||||\u00bb header_2_text_align=\u00bbcenter\u00bb header_2_text_color=\u00bb#1C2954&#8243; header_2_font_size=\u00bb33px\u00bb header_2_letter_spacing=\u00bb14px\u00bb header_font_size_tablet=\u00bb32px\u00bb header_font_size_phone=\u00bb24px\u00bb header_font_size_last_edited=\u00bbon|phone\u00bb header_2_font_size_tablet=\u00bb29px\u00bb header_2_font_size_phone=\u00bb28px\u00bb header_2_font_size_last_edited=\u00bbon|tablet\u00bb global_colors_info=\u00bb{}\u00bb]<\/p>\n<h2>Por qu\u00e9 trabajar en Focus<\/h2>\n<p>[\/et_pb_text][\/et_pb_column][\/et_pb_row][et_pb_row column_structure=\u00bb1_2,1_2&#8243; _builder_version=\u00bb4.16&#8243; _module_preset=\u00bbdefault\u00bb max_width=\u00bb900px\u00bb global_colors_info=\u00bb{}\u00bb][et_pb_column type=\u00bb1_2&#8243; _builder_version=\u00bb4.16&#8243; _module_preset=\u00bbdefault\u00bb global_colors_info=\u00bb{}\u00bb][et_pb_blurb title=\u00bbEntorno de trabajo flexible (en la oficina, desde casa, etc.)\u00bb use_icon=\u00bbon\u00bb font_icon=\u00bb&#x5a;||divi||400&#8243; icon_color=\u00bb#1C2954&#8243; icon_placement=\u00bbleft\u00bb image_icon_width=\u00bb50px\u00bb _builder_version=\u00bb4.16.1&#8243; _module_preset=\u00bbdefault\u00bb global_colors_info=\u00bb{}\u00bb title__hover_enabled=\u00bboff|desktop\u00bb][\/et_pb_blurb][et_pb_blurb title=\u00bbL\u00edderes que se preocupan por tu crecimiento profesional y tu avance en la carrera\u00bb use_icon=\u00bbon\u00bb font_icon=\u00bb&#x5a;||divi||400&#8243; icon_color=\u00bb#1C2954&#8243; icon_placement=\u00bbleft\u00bb image_icon_width=\u00bb50px\u00bb _builder_version=\u00bb4.16.1&#8243; _module_preset=\u00bbdefault\u00bb global_colors_info=\u00bb{}\u00bb title__hover_enabled=\u00bboff|desktop\u00bb][\/et_pb_blurb][\/et_pb_column][et_pb_column type=\u00bb1_2&#8243; _builder_version=\u00bb4.16&#8243; _module_preset=\u00bbdefault\u00bb global_colors_info=\u00bb{}\u00bb][et_pb_blurb title=\u00bbSalario y prestaciones competitivos\u00bb use_icon=\u00bbon\u00bb font_icon=\u00bb&#x5a;||divi||400&#8243; icon_color=\u00bb#1C2954&#8243; icon_placement=\u00bbleft\u00bb image_icon_width=\u00bb50px\u00bb _builder_version=\u00bb4.16.1&#8243; _module_preset=\u00bbdefault\u00bb global_colors_info=\u00bb{}\u00bb][\/et_pb_blurb][et_pb_blurb title=\u00bbLa conciliaci\u00f3n de la vida laboral y familiar es una prioridad de la empresa para todos los empleados.  \u00bb use_icon=\u00bbon\u00bb font_icon=\u00bb&#x5a;||divi||400&#8243; icon_color=\u00bb#1C2954&#8243; icon_placement=\u00bbleft\u00bb image_icon_width=\u00bb50px\u00bb _builder_version=\u00bb4.16.1&#8243; _module_preset=\u00bbdefault\u00bb global_colors_info=\u00bb{}\u00bb][\/et_pb_blurb][\/et_pb_column][\/et_pb_row][\/et_pb_section][et_pb_section fb_built=\u00bb1&#8243; _builder_version=\u00bb4.16&#8243; _module_preset=\u00bbdefault\u00bb background_enable_color=\u00bboff\u00bb background_enable_image=\u00bboff\u00bb background_blend=\u00bboverlay\u00bb global_colors_info=\u00bb{}\u00bb][et_pb_row make_equal=\u00bbon\u00bb _builder_version=\u00bb4.16.1&#8243; _module_preset=\u00bbdefault\u00bb background_enable_color=\u00bboff\u00bb global_colors_info=\u00bb{}\u00bb][et_pb_column type=\u00bb4_4&#8243; _builder_version=\u00bb4.16.1&#8243; _module_preset=\u00bbdefault\u00bb custom_css_main_element=\u00bbmargin: auto;\u00bb global_colors_info=\u00bb{}\u00bb][et_pb_text _builder_version=\u00bb4.16.1&#8243; _module_preset=\u00bbdefault\u00bb header_font=\u00bb|800|||||||\u00bb header_text_color=\u00bb#333333&#8243; header_font_size=\u00bb44px\u00bb custom_margin_tablet=\u00bb||5%||false|false\u00bb custom_margin_phone=\u00bb||5%||false|false\u00bb custom_margin_last_edited=\u00bbon|phone\u00bb header_font_size_tablet=\u00bb32px\u00bb header_font_size_phone=\u00bb24px\u00bb header_font_size_last_edited=\u00bbon|phone\u00bb global_colors_info=\u00bb{}\u00bb]<\/p>\n<h1>Solicitar aqu\u00ed<\/h1>\n<p>[\/et_pb_text][et_pb_text _builder_version=\u00bb4.16&#8243; _module_preset=\u00bbdefault\u00bb text_text_color=\u00bb#333333&#8243; text_font_size=\u00bb16px\u00bb border_color_all=\u00bb#FFFFFF\u00bb global_colors_info=\u00bb{}\u00bb]<\/p>\n<p>Si est\u00e1 interesado en obtener m\u00e1s informaci\u00f3n sobre las oportunidades profesionales en FOCUS Business Solutions Inc. rellene el siguiente formulario. A continuaci\u00f3n se llevar\u00e1 a cabo un proceso de solicitud m\u00e1s formal.<\/p>\n<p>[\/et_pb_text][et_pb_df_gravityform_injector id=\u00bb2&#8243; title=\u00bboff\u00bb description=\u00bboff\u00bb ajax=\u00bbon\u00bb fb_background_color=\u00bb#4BB15F\u00bb fb_background_color_hover=\u00bb#4BB15F\u00bb fb_border_radius=\u00bb10&#8243; input_background_color=\u00bb#E9F1F7&#8243; input_border_radius=\u00bb10&#8243; footer_border_width_top=\u00bb0&#8243; _builder_version=\u00bb4.16.1&#8243; _module_preset=\u00bbdefault\u00bb label_text_color=\u00bb#1C2954&#8243; input_font=\u00bb||||||||\u00bb form_button_font=\u00bbMaven Pro|||on|||||\u00bb form_button_text_color=\u00bb#FFFFFF\u00bb form_button_font_size=\u00bb20px\u00bb max_width=\u00bb700px\u00bb module_alignment=\u00bbcenter\u00bb custom_padding=\u00bb15px|5px|15px|5px|true|true\u00bb hover_enabled=\u00bb0&#8243; custom_css_form_button=\u00bbfont-weight: 500;\u00bb global_colors_info=\u00bb{}\u00bb theme_builder_area=\u00bbpost_content\u00bb sticky_enabled=\u00bb0&#8243;][\/et_pb_df_gravityform_injector][\/et_pb_column][\/et_pb_row][\/et_pb_section]<\/p>\n","protected":false},"excerpt":{"rendered":"<p>Empleo en FOCUSFOCUS es un entorno de trabajo positivo con muchas oportunidades de progreso. Apoyamos un equilibrio muy flexible entre trabajo y vida personal con opciones de trabajo desde la oficina y trabajo desde casa. Divertirse, aprender y crecer profesionalmente es una parte importante de la experiencia de nuestros empleados. FOCUS tiene una remuneraci\u00f3n muy [&hellip;]<\/p>\n","protected":false},"author":1,"featured_media":0,"parent":0,"menu_order":0,"comment_status":"closed","ping_status":"closed","template":"","meta":{"_et_pb_use_builder":"on","_et_pb_old_content":"","_et_gb_content_width":"","footnotes":""},"class_list":["post-704","page","type-page","status-publish","hentry"],"yoast_head":"<!-- This site is optimized with the Yoast SEO plugin v27.4 - https:\/\/yoast.com\/product\/yoast-seo-wordpress\/ -->\n<title>Carreras profesionales - Focus Business Solutions<\/title>\n<meta name=\"robots\" content=\"index, follow, max-snippet:-1, max-image-preview:large, max-video-preview:-1\" \/>\n<link rel=\"canonical\" href=\"https:\/\/focus-solutions.net\/es\/carreras-profesionales\/\" \/>\n<meta property=\"og:locale\" content=\"es_ES\" \/>\n<meta property=\"og:type\" content=\"article\" \/>\n<meta property=\"og:title\" content=\"Carreras profesionales - Focus Business Solutions\" \/>\n<meta property=\"og:description\" content=\"Empleo en FOCUSFOCUS es un entorno de trabajo positivo con muchas oportunidades de progreso. Apoyamos un equilibrio muy flexible entre trabajo y vida personal con opciones de trabajo desde la oficina y trabajo desde casa. Divertirse, aprender y crecer profesionalmente es una parte importante de la experiencia de nuestros empleados. FOCUS tiene una remuneraci\u00f3n muy [&hellip;]\" \/>\n<meta property=\"og:url\" content=\"https:\/\/focus-solutions.net\/es\/carreras-profesionales\/\" \/>\n<meta property=\"og:site_name\" content=\"Focus Business Solutions\" \/>\n<meta property=\"article:modified_time\" content=\"2023-11-08T19:33:56+00:00\" \/>\n<meta name=\"twitter:card\" content=\"summary_large_image\" \/>\n<meta name=\"twitter:label1\" content=\"Tiempo de lectura\" \/>\n\t<meta name=\"twitter:data1\" content=\"5 minutos\" \/>\n<script type=\"application\/ld+json\" class=\"yoast-schema-graph\">{\"@context\":\"https:\\\/\\\/schema.org\",\"@graph\":[{\"@type\":\"WebPage\",\"@id\":\"https:\\\/\\\/focus-solutions.net\\\/es\\\/carreras-profesionales\\\/\",\"url\":\"https:\\\/\\\/focus-solutions.net\\\/es\\\/carreras-profesionales\\\/\",\"name\":\"Carreras profesionales - Focus Business Solutions\",\"isPartOf\":{\"@id\":\"https:\\\/\\\/focus-solutions.net\\\/es\\\/#website\"},\"datePublished\":\"2022-03-29T15:58:37+00:00\",\"dateModified\":\"2023-11-08T19:33:56+00:00\",\"breadcrumb\":{\"@id\":\"https:\\\/\\\/focus-solutions.net\\\/es\\\/carreras-profesionales\\\/#breadcrumb\"},\"inLanguage\":\"es\",\"potentialAction\":[{\"@type\":\"ReadAction\",\"target\":[\"https:\\\/\\\/focus-solutions.net\\\/es\\\/carreras-profesionales\\\/\"]}]},{\"@type\":\"BreadcrumbList\",\"@id\":\"https:\\\/\\\/focus-solutions.net\\\/es\\\/carreras-profesionales\\\/#breadcrumb\",\"itemListElement\":[{\"@type\":\"ListItem\",\"position\":1,\"name\":\"Home\",\"item\":\"https:\\\/\\\/focus-solutions.net\\\/es\\\/inicio\\\/\"},{\"@type\":\"ListItem\",\"position\":2,\"name\":\"Carreras profesionales\"}]},{\"@type\":\"WebSite\",\"@id\":\"https:\\\/\\\/focus-solutions.net\\\/es\\\/#website\",\"url\":\"https:\\\/\\\/focus-solutions.net\\\/es\\\/\",\"name\":\"FOCUS Business Solutions\",\"description\":\"International Trade Compliance Company\",\"publisher\":{\"@id\":\"https:\\\/\\\/focus-solutions.net\\\/es\\\/#organization\"},\"potentialAction\":[{\"@type\":\"SearchAction\",\"target\":{\"@type\":\"EntryPoint\",\"urlTemplate\":\"https:\\\/\\\/focus-solutions.net\\\/es\\\/?s={search_term_string}\"},\"query-input\":{\"@type\":\"PropertyValueSpecification\",\"valueRequired\":true,\"valueName\":\"search_term_string\"}}],\"inLanguage\":\"es\"},{\"@type\":\"Organization\",\"@id\":\"https:\\\/\\\/focus-solutions.net\\\/es\\\/#organization\",\"name\":\"FOCUS Business Solutions\",\"url\":\"https:\\\/\\\/focus-solutions.net\\\/es\\\/\",\"logo\":{\"@type\":\"ImageObject\",\"inLanguage\":\"es\",\"@id\":\"https:\\\/\\\/focus-solutions.net\\\/es\\\/#\\\/schema\\\/logo\\\/image\\\/\",\"url\":\"https:\\\/\\\/focus-solutions.net\\\/wp-content\\\/uploads\\\/2023\\\/05\\\/FOCUS-Color-265px.png\",\"contentUrl\":\"https:\\\/\\\/focus-solutions.net\\\/wp-content\\\/uploads\\\/2023\\\/05\\\/FOCUS-Color-265px.png\",\"width\":265,\"height\":83,\"caption\":\"FOCUS Business Solutions\"},\"image\":{\"@id\":\"https:\\\/\\\/focus-solutions.net\\\/es\\\/#\\\/schema\\\/logo\\\/image\\\/\"}}]}<\/script>\n<!-- \/ Yoast SEO plugin. -->","yoast_head_json":{"title":"Carreras profesionales - Focus Business Solutions","robots":{"index":"index","follow":"follow","max-snippet":"max-snippet:-1","max-image-preview":"max-image-preview:large","max-video-preview":"max-video-preview:-1"},"canonical":"https:\/\/focus-solutions.net\/es\/carreras-profesionales\/","og_locale":"es_ES","og_type":"article","og_title":"Carreras profesionales - Focus Business Solutions","og_description":"Empleo en FOCUSFOCUS es un entorno de trabajo positivo con muchas oportunidades de progreso. Apoyamos un equilibrio muy flexible entre trabajo y vida personal con opciones de trabajo desde la oficina y trabajo desde casa. Divertirse, aprender y crecer profesionalmente es una parte importante de la experiencia de nuestros empleados. FOCUS tiene una remuneraci\u00f3n muy [&hellip;]","og_url":"https:\/\/focus-solutions.net\/es\/carreras-profesionales\/","og_site_name":"Focus Business Solutions","article_modified_time":"2023-11-08T19:33:56+00:00","twitter_card":"summary_large_image","twitter_misc":{"Tiempo de lectura":"5 minutos"},"schema":{"@context":"https:\/\/schema.org","@graph":[{"@type":"WebPage","@id":"https:\/\/focus-solutions.net\/es\/carreras-profesionales\/","url":"https:\/\/focus-solutions.net\/es\/carreras-profesionales\/","name":"Carreras profesionales - Focus Business Solutions","isPartOf":{"@id":"https:\/\/focus-solutions.net\/es\/#website"},"datePublished":"2022-03-29T15:58:37+00:00","dateModified":"2023-11-08T19:33:56+00:00","breadcrumb":{"@id":"https:\/\/focus-solutions.net\/es\/carreras-profesionales\/#breadcrumb"},"inLanguage":"es","potentialAction":[{"@type":"ReadAction","target":["https:\/\/focus-solutions.net\/es\/carreras-profesionales\/"]}]},{"@type":"BreadcrumbList","@id":"https:\/\/focus-solutions.net\/es\/carreras-profesionales\/#breadcrumb","itemListElement":[{"@type":"ListItem","position":1,"name":"Home","item":"https:\/\/focus-solutions.net\/es\/inicio\/"},{"@type":"ListItem","position":2,"name":"Carreras profesionales"}]},{"@type":"WebSite","@id":"https:\/\/focus-solutions.net\/es\/#website","url":"https:\/\/focus-solutions.net\/es\/","name":"FOCUS Business Solutions","description":"International Trade Compliance Company","publisher":{"@id":"https:\/\/focus-solutions.net\/es\/#organization"},"potentialAction":[{"@type":"SearchAction","target":{"@type":"EntryPoint","urlTemplate":"https:\/\/focus-solutions.net\/es\/?s={search_term_string}"},"query-input":{"@type":"PropertyValueSpecification","valueRequired":true,"valueName":"search_term_string"}}],"inLanguage":"es"},{"@type":"Organization","@id":"https:\/\/focus-solutions.net\/es\/#organization","name":"FOCUS Business Solutions","url":"https:\/\/focus-solutions.net\/es\/","logo":{"@type":"ImageObject","inLanguage":"es","@id":"https:\/\/focus-solutions.net\/es\/#\/schema\/logo\/image\/","url":"https:\/\/focus-solutions.net\/wp-content\/uploads\/2023\/05\/FOCUS-Color-265px.png","contentUrl":"https:\/\/focus-solutions.net\/wp-content\/uploads\/2023\/05\/FOCUS-Color-265px.png","width":265,"height":83,"caption":"FOCUS Business Solutions"},"image":{"@id":"https:\/\/focus-solutions.net\/es\/#\/schema\/logo\/image\/"}}]}},"jetpack_sharing_enabled":true,"_links":{"self":[{"href":"https:\/\/focus-solutions.net\/es\/wp-json\/wp\/v2\/pages\/704","targetHints":{"allow":["GET"]}}],"collection":[{"href":"https:\/\/focus-solutions.net\/es\/wp-json\/wp\/v2\/pages"}],"about":[{"href":"https:\/\/focus-solutions.net\/es\/wp-json\/wp\/v2\/types\/page"}],"author":[{"embeddable":true,"href":"https:\/\/focus-solutions.net\/es\/wp-json\/wp\/v2\/users\/1"}],"replies":[{"embeddable":true,"href":"https:\/\/focus-solutions.net\/es\/wp-json\/wp\/v2\/comments?post=704"}],"version-history":[{"count":0,"href":"https:\/\/focus-solutions.net\/es\/wp-json\/wp\/v2\/pages\/704\/revisions"}],"wp:attachment":[{"href":"https:\/\/focus-solutions.net\/es\/wp-json\/wp\/v2\/media?parent=704"}],"curies":[{"name":"wp","href":"https:\/\/api.w.org\/{rel}","templated":true}]}}