{"id":713,"date":"2022-03-29T14:06:14","date_gmt":"2022-03-29T14:06:14","guid":{"rendered":"https:\/\/focus-solutions.net\/enlaces-sobre-cumplimiento-de-la-normativa-comercial\/"},"modified":"2023-11-26T21:56:03","modified_gmt":"2023-11-26T21:56:03","slug":"enlaces-sobre-cumplimiento-de-la-normativa-comercial","status":"publish","type":"page","link":"https:\/\/focus-solutions.net\/es\/enlaces-sobre-cumplimiento-de-la-normativa-comercial\/","title":{"rendered":"Enlaces sobre cumplimiento de la normatividad comercial"},"content":{"rendered":"<p>[et_pb_section fb_built=\u00bb1&#8243; admin_label=\u00bbsection\u00bb _builder_version=\u00bb4.15&#8243; global_colors_info=\u00bb{}\u00bb][et_pb_row admin_label=\u00bbfila\u00bb _builder_version=\u00bb4.15.1&#8243; background_size=\u00bbinitial\u00bb background_position=\u00bbtop_left\u00bb background_repeat=\u00bbrepeat\u00bb hover_enabled=\u00bb0&#8243; global_colors_info=\u00bb{}\u00bb max_width=\u00bb900px\u00bb sticky_enabled=\u00bb0&#8243;][et_pb_column type=\u00bb4_4&#8243; _builder_version=\u00bb4.15&#8243; custom_padding=\u00bb|||\u00bb global_colors_info=\u00bb{}\u00bb custom_padding__hover=\u00bb|||\u00bb][et_pb_text _builder_version=\u00bb4.15.1&#8243; _module_preset=\u00bbdefault\u00bb hover_enabled=\u00bb0&#8243; sticky_enabled=\u00bb0&#8243; header_font_size=\u00bb44px\u00bb header_font_size_last_edited=\u00bbon|phone\u00bb header_font_size_tablet=\u00bb37px\u00bb header_font_size_phone=\u00bb30px\u00bb]<\/p>\n<h1>Enlaces y recursos sobre cumplimiento de la normatividad comercial<\/h1>\n<p>[\/et_pb_text][et_pb_text admin_label=\u00bbText\u00bb _builder_version=\u00bb4.15.1&#8243; background_size=\u00bbinitial\u00bb background_position=\u00bbtop_left\u00bb background_repeat=\u00bbrepeat\u00bb hover_enabled=\u00bb0&#8243; global_colors_info=\u00bb{}\u00bb ul_item_indent=\u00bb42px\u00bb header_2_line_height=\u00bb2em\u00bb sticky_enabled=\u00bb0&#8243; text_line_height=\u00bb1.6em\u00bb]<\/p>\n<p style=\"font-weight: 300;\">Hemos reunido una colecci\u00f3n de enlaces \u00fatiles de gobiernos y grupos comerciales de todo el mundo. Estos enlaces se abrir\u00e1n en una nueva ventana del navegador. FOCUS Business Solutions, Inc. no tiene control sobre, ni es responsable de, el contenido o enlaces en los siguientes sitios web. Cualquier contenido, opini\u00f3n o declaraci\u00f3n en los siguientes sitios no debe interpretarse como una aprobaci\u00f3n por parte de FOCUS Business Solutions, Inc.<\/p>\n<h2 style=\"font-weight: 400;\"><strong>Tratados de libre comercio de EE.UU.A.<\/strong><\/h2>\n<ul style=\"font-weight: 400;\">\n<li><span data-redactor-style=\"font-family: Verdana\"><a href=\"https:\/\/ustr.gov\/usmca\">Tratado Estados Unidos-M\u00e9xico-Canad\u00e1 (USMCA \/ T-MEC)<\/a> <\/span>\n<ul style=\"font-weight: 400;\">\n<li><a href=\"https:\/\/www.cbp.gov\/document\/guidance\/usmca-interim-implementation-instructions\">Instrucciones provisionales de aplicaci\u00f3n del USMCA en el sitio web del CBP<\/a><\/li>\n<li><a href=\"https:\/\/www.cbp.gov\/trade\/priority-issues\/trade-agreements\/free-trade-agreements\/USMCA\">Visi\u00f3n general del USMCA en el sitio web del CBP<\/a><\/li>\n<li><a href=\"https:\/\/ustr.gov\/trade-agreements\/free-trade-agreements\/united-states-mexico-canada-agreement\/agreement-between\">Texto del USMCA en el sitio web del USTR<\/a><\/li>\n<li><a href=\"https:\/\/ustr.gov\/sites\/default\/files\/files\/agreements\/FTA\/USMCA\/Text\/04-Rules-of-Origin.pdf\">Reglas de origen del USMCA (cap\u00edtulo 4) en el sitio web del USTR<\/a><\/li>\n<li><a href=\"https:\/\/ustr.gov\/sites\/default\/files\/files\/agreements\/FTA\/USMCA\/Text\/05_Origin_Procedures.pdf\">Procedimientos de origen del USMCA (Cap\u00edtulo 5) en el sitio web del USTR<\/a><\/li>\n<\/ul>\n<\/li>\n<li><a href=\"https:\/\/ustr.gov\/trade-agreements\/free-trade-agreements\/chile-fta\/final-text\">Tratado de Libre Comercio EE.UU.-Chile (US-CFTA)<\/a><\/li>\n<li><span data-redactor-style=\"font-family: Verdana\"><a href=\"https:\/\/ustr.gov\/trade-agreements\/free-trade-agreements\/australian-fta\/final-text\">Tratado de Libre Comercio entre EE.UU. y Australia (US-AU-FTA)<\/a> <\/span><\/li>\n<li><span data-redactor-style=\"font-family: Verdana\"><a href=\"https:\/\/ustr.gov\/trade-agreements\/free-trade-agreements\/israel-fta\/final-text\">Acuerdo de libre comercio entre EE.UU. e Israel<\/a> <\/span><\/li>\n<li><span data-redactor-style=\"font-family: Verdana\"><a href=\"https:\/\/ustr.gov\/trade-agreements\/free-trade-agreements\/jordan-fta\/final-text\">Acuerdo de libre comercio entre EE.UU. y Jordania<\/a> <\/span><\/li>\n<li><span data-redactor-style=\"font-family: Verdana\"><a href=\"https:\/\/ustr.gov\/trade-agreements\/free-trade-agreements\/morocco-fta\/final-text\">Acuerdo de libre comercio entre Estados Unidos y Marruecos<\/a> <\/span><\/li>\n<li><span data-redactor-style=\"font-family: Verdana\"><a href=\"https:\/\/ustr.gov\/trade-agreements\/free-trade-agreements\/oman-fta\/final-text\">Acuerdo de libre comercio entre EE.UU. y Om\u00e1n<\/a> <\/span><\/li>\n<li><span data-redactor-style=\"font-family: Verdana\"><a href=\"https:\/\/ustr.gov\/trade-agreements\/free-trade-agreements\/peru-tpa\/final-text\">Tratado de Libre Comercio EE.UU.-Per\u00fa<\/a> <\/span><\/li>\n<li><span data-redactor-style=\"font-family: Arial\"><a href=\"https:\/\/ustr.gov\/trade-agreements\/free-trade-agreements\/singapore-fta\/final-text\">Acuerdo de libre comercio entre EE.UU. y Singapur<\/a> <\/span><\/li>\n<li><span data-redactor-style=\"font-family: Arial\"><a href=\"https:\/\/ustr.gov\/trade-agreements\/free-trade-agreements\/bahrain-fta\/final-text\">Acuerdo de libre comercio EE.UU.-Bahr\u00e9in<\/a> <\/span><\/li>\n<li><span data-redactor-style=\"font-family: Arial\"><a href=\"https:\/\/ustr.gov\/trade-agreements\/free-trade-agreements\/cafta-dr-dominican-republic-central-america-fta\/final-text\">Tratado de Libre Comercio entre Centroam\u00e9rica y la Rep\u00fablica Dominicana (CAFTA-DR)<\/a> <\/span><\/li>\n<li><span data-redactor-style=\"font-family: Arial\"><a href=\"https:\/\/ustr.gov\/trade-agreements\/free-trade-agreements\/korus-fta\/final-text\">Acuerdo de libre comercio entre EE.UU. y Corea<\/a> <\/span><\/li>\n<li><span data-redactor-style=\"font-family: Arial\"><span data-redactor-style=\"font-family: Arial\"><a href=\"https:\/\/ustr.gov\/trade-agreements\/free-trade-agreements\/panama-tpa\/final-text\">Acuerdo de Promoci\u00f3n Comercial EE.UU.-Panam\u00e1<\/a><\/span><\/span><\/li>\n<\/ul>\n<h2 style=\"font-weight: 300;\"><strong>Clasificaci\u00f3n arancelaria<\/strong><\/h2>\n<ul style=\"font-weight: 300;\">\n<li><span data-redactor-style=\"font-family: Verdana\"><a href=\"https:\/\/hts.usitc.gov\/current\">Lista del Arancel Armonizado de EE.UU.<\/a> <\/span><\/li>\n<li><span data-redactor-style=\"font-family: Verdana\"><a href=\"https:\/\/www.cbsa-asfc.gc.ca\/trade-commerce\/tariff-tarif\/\">Lista de aranceles canadienses<\/a> <\/span><\/li>\n<\/ul>\n<h2 style=\"font-weight: 300;\"><strong>Autoridades aduaneras y gubernamentales<\/strong><\/h2>\n<ul style=\"font-weight: 300;\">\n<li><span data-redactor-style=\"font-family: Verdana\"><a href=\"http:\/\/www.cbp.gov\/\">Aduanas y Protecci\u00f3n de Fronteras de Estados Unidos (CBP)<\/a> <\/span><\/li>\n<li><span data-redactor-style=\"font-family: Verdana\"><a href=\"http:\/\/www.ustr.gov\/\">Oficina del Representante Comercial de Estados Unidos (USTR)<\/a> <\/span><\/li>\n<li><span data-redactor-style=\"font-family: Verdana\"><a href=\"https:\/\/www.commerce.gov\/\">Departamento de Comercio de EE.UU.<\/a> <\/span><\/li>\n<li><span data-redactor-style=\"font-family: Arial\"><a href=\"http:\/\/www.dhs.gov\/index.shtm\">Departamento de Seguridad Interior<\/a> <\/span><\/li>\n<li><span data-redactor-style=\"font-family: Verdana\"><a href=\"http:\/\/www.bis.doc.gov\/\">Oficina de Industria y Seguridad (BIS)<\/a> <\/span><\/li>\n<li><span data-redactor-style=\"font-family: Verdana\"><a href=\"http:\/\/www.census.gov\/\">Oficina del Censo de EE.UU.<\/a> <\/span><\/li>\n<li><span data-redactor-style=\"font-family: Verdana\"><a href=\"http:\/\/www.ftc.gov\/\">Comisi\u00f3n Federal de Comercio (FTC)<\/a> <\/span><\/li>\n<li><span data-redactor-style=\"font-family: Verdana\"><a href=\"http:\/\/www.usitc.gov\/\">Comisi\u00f3n de Comercio Internacional de Estados Unidos (USITC)<\/a> <\/span><\/li>\n<li><span data-redactor-style=\"font-family: Verdana\"><a href=\"https:\/\/sanctionssearch.ofac.treas.gov\/\">B\u00fasqueda en la lista de sanciones de la Oficina de Control de Activos Extranjeros (OFAC)<\/a> <\/span><\/li>\n<li><span data-redactor-style=\"font-family: Verdana\"><a href=\"http:\/\/www.wto.org\/\">Organizaci\u00f3n Mundial del Comercio (OMC)<\/a> <\/span><\/li>\n<li><span data-redactor-style=\"font-family: Verdana\"><a href=\"http:\/\/www.wcoomd.org\/\">Organizaci\u00f3n Mundial de Aduanas (OMA)<\/a> <\/span><\/li>\n<li><span data-redactor-style=\"font-family: Verdana\"><a href=\"http:\/\/www.apec.org\/\">Cooperaci\u00f3n Econ\u00f3mica Asia-Pac\u00edfico (APEC)<\/a> <\/span><\/li>\n<li><span data-redactor-style=\"font-family: Verdana\"><a href=\"https:\/\/asean.org\/\">Asociaci\u00f3n de Naciones del Sudeste Asi\u00e1tico (ASEAN)<\/a> <\/span><\/li>\n<li><span data-redactor-style=\"font-family: Verdana\"><a href=\"http:\/\/europa.eu\/index_en.htm\">Uni\u00f3n Europea (UE)<\/a> <\/span><\/li>\n<\/ul>\n<h2 style=\"font-weight: 300;\"><strong>Referencias y publicaciones<\/strong><\/h2>\n<ul style=\"font-weight: 300;\">\n<li><span data-redactor-style=\"color: #434343\"><a href=\"http:\/\/rulings.cbp.gov\/\">Sistema de b\u00fasqueda en l\u00ednea de resoluciones aduaneras de EE.UU. (CROSS)<\/a> <\/span><\/li>\n<li><span data-redactor-style=\"font-size: x-small\"><a href=\"https:\/\/www.federalregister.gov\/\">Registro Federal &#8211; El Diario del Gobierno de EE.UU.<\/a> <\/span><\/li>\n<li><span data-redactor-style=\"font-size: x-small\"><a href=\"https:\/\/www.govinfo.gov\/app\/details\/CFR-2017-title19-vol1\/CFR-2017-title19-vol1-chapI\/summary\">C\u00f3digo de Reglamentos Federales (CFR) T\u00edtulo 19 &#8211; Derechos de aduana<\/a> <\/span><\/li>\n<li><span data-redactor-style=\"font-family: Verdana\"><a href=\"https:\/\/www.pmddtc.state.gov\/ddtc_public\">Controles comerciales de defensa (ITAR)<\/a> <\/span><\/li>\n<li><span data-redactor-style=\"color: #434343\"><a href=\"https:\/\/www.bis.doc.gov\/index.php\/regulations\/export-administration-regulations-ear\">Reglamento de Administraci\u00f3n de Exportaciones (EAR)<\/a> <\/span><\/li>\n<li><span data-redactor-style=\"color: #434343\"><a href=\"http:\/\/ia.ita.doc.gov\/stats\/iastats1.html\">B\u00fasqueda de casos de derechos antidumping (ADD) y compensatorios (CVD)<\/a> <\/span><\/li>\n<li><span data-redactor-style=\"color: #434343\"><a href=\"https:\/\/www.cbp.gov\/contact\/ports\">Puertos de entrada del CBP<\/a> <\/span><\/li>\n<li><span data-redactor-style=\"color: #434343\"><a href=\"https:\/\/www.cbp.gov\/border-security\/ports-entry\/cargo-security\/importer-security-filing-102\">Fichero de seguridad del importador 10 + 2 (ISF)<\/a> <\/span><\/li>\n<li><span data-redactor-style=\"color: #434343\"><a href=\"http:\/\/www.aphis.usda.gov\/plant_health\/lacey_act\/index.shtml\">Ley Lacey &#8211; Departamento de Agricultura de EE.UU.<\/a> <\/span><\/li>\n<\/ul>\n<p>[\/et_pb_text][\/et_pb_column][\/et_pb_row][\/et_pb_section]<\/p>\n","protected":false},"excerpt":{"rendered":"<p>Enlaces y recursos sobre cumplimiento de la normatividad comercialHemos reunido una colecci\u00f3n de enlaces \u00fatiles de gobiernos y grupos comerciales de todo el mundo. Estos enlaces se abrir\u00e1n en una nueva ventana del navegador. FOCUS Business Solutions, Inc. no tiene control sobre, ni es responsable de, el contenido o enlaces en los siguientes sitios web. [&hellip;]<\/p>\n","protected":false},"author":1,"featured_media":0,"parent":0,"menu_order":0,"comment_status":"closed","ping_status":"closed","template":"","meta":{"_et_pb_use_builder":"on","_et_pb_old_content":"","_et_gb_content_width":"","footnotes":""},"class_list":["post-713","page","type-page","status-publish","hentry"],"yoast_head":"<!-- This site is optimized with the Yoast SEO plugin v27.4 - https:\/\/yoast.com\/product\/yoast-seo-wordpress\/ -->\n<title>Enlaces sobre cumplimiento de la normatividad comercial - Focus Business Solutions<\/title>\n<meta name=\"robots\" content=\"index, follow, max-snippet:-1, max-image-preview:large, max-video-preview:-1\" \/>\n<link rel=\"canonical\" href=\"https:\/\/focus-solutions.net\/es\/enlaces-sobre-cumplimiento-de-la-normativa-comercial\/\" \/>\n<meta property=\"og:locale\" content=\"es_ES\" \/>\n<meta property=\"og:type\" content=\"article\" \/>\n<meta property=\"og:title\" content=\"Enlaces sobre cumplimiento de la normatividad comercial - Focus Business Solutions\" \/>\n<meta property=\"og:description\" content=\"Enlaces y recursos sobre cumplimiento de la normatividad comercialHemos reunido una colecci\u00f3n de enlaces \u00fatiles de gobiernos y grupos comerciales de todo el mundo. Estos enlaces se abrir\u00e1n en una nueva ventana del navegador. FOCUS Business Solutions, Inc. no tiene control sobre, ni es responsable de, el contenido o enlaces en los siguientes sitios web. [&hellip;]\" \/>\n<meta property=\"og:url\" content=\"https:\/\/focus-solutions.net\/es\/enlaces-sobre-cumplimiento-de-la-normativa-comercial\/\" \/>\n<meta property=\"og:site_name\" content=\"Focus Business Solutions\" \/>\n<meta property=\"article:modified_time\" content=\"2023-11-26T21:56:03+00:00\" \/>\n<meta name=\"twitter:card\" content=\"summary_large_image\" \/>\n<meta name=\"twitter:label1\" content=\"Tiempo de lectura\" \/>\n\t<meta name=\"twitter:data1\" content=\"3 minutos\" \/>\n<script type=\"application\/ld+json\" class=\"yoast-schema-graph\">{\"@context\":\"https:\\\/\\\/schema.org\",\"@graph\":[{\"@type\":\"WebPage\",\"@id\":\"https:\\\/\\\/focus-solutions.net\\\/es\\\/enlaces-sobre-cumplimiento-de-la-normativa-comercial\\\/\",\"url\":\"https:\\\/\\\/focus-solutions.net\\\/es\\\/enlaces-sobre-cumplimiento-de-la-normativa-comercial\\\/\",\"name\":\"Enlaces sobre cumplimiento de la normatividad comercial - Focus Business Solutions\",\"isPartOf\":{\"@id\":\"https:\\\/\\\/focus-solutions.net\\\/es\\\/#website\"},\"datePublished\":\"2022-03-29T14:06:14+00:00\",\"dateModified\":\"2023-11-26T21:56:03+00:00\",\"breadcrumb\":{\"@id\":\"https:\\\/\\\/focus-solutions.net\\\/es\\\/enlaces-sobre-cumplimiento-de-la-normativa-comercial\\\/#breadcrumb\"},\"inLanguage\":\"es\",\"potentialAction\":[{\"@type\":\"ReadAction\",\"target\":[\"https:\\\/\\\/focus-solutions.net\\\/es\\\/enlaces-sobre-cumplimiento-de-la-normativa-comercial\\\/\"]}]},{\"@type\":\"BreadcrumbList\",\"@id\":\"https:\\\/\\\/focus-solutions.net\\\/es\\\/enlaces-sobre-cumplimiento-de-la-normativa-comercial\\\/#breadcrumb\",\"itemListElement\":[{\"@type\":\"ListItem\",\"position\":1,\"name\":\"Home\",\"item\":\"https:\\\/\\\/focus-solutions.net\\\/es\\\/inicio\\\/\"},{\"@type\":\"ListItem\",\"position\":2,\"name\":\"Enlaces sobre cumplimiento de la normatividad comercial\"}]},{\"@type\":\"WebSite\",\"@id\":\"https:\\\/\\\/focus-solutions.net\\\/es\\\/#website\",\"url\":\"https:\\\/\\\/focus-solutions.net\\\/es\\\/\",\"name\":\"FOCUS Business Solutions\",\"description\":\"International Trade Compliance Company\",\"publisher\":{\"@id\":\"https:\\\/\\\/focus-solutions.net\\\/es\\\/#organization\"},\"potentialAction\":[{\"@type\":\"SearchAction\",\"target\":{\"@type\":\"EntryPoint\",\"urlTemplate\":\"https:\\\/\\\/focus-solutions.net\\\/es\\\/?s={search_term_string}\"},\"query-input\":{\"@type\":\"PropertyValueSpecification\",\"valueRequired\":true,\"valueName\":\"search_term_string\"}}],\"inLanguage\":\"es\"},{\"@type\":\"Organization\",\"@id\":\"https:\\\/\\\/focus-solutions.net\\\/es\\\/#organization\",\"name\":\"FOCUS Business Solutions\",\"url\":\"https:\\\/\\\/focus-solutions.net\\\/es\\\/\",\"logo\":{\"@type\":\"ImageObject\",\"inLanguage\":\"es\",\"@id\":\"https:\\\/\\\/focus-solutions.net\\\/es\\\/#\\\/schema\\\/logo\\\/image\\\/\",\"url\":\"https:\\\/\\\/focus-solutions.net\\\/wp-content\\\/uploads\\\/2023\\\/05\\\/FOCUS-Color-265px.png\",\"contentUrl\":\"https:\\\/\\\/focus-solutions.net\\\/wp-content\\\/uploads\\\/2023\\\/05\\\/FOCUS-Color-265px.png\",\"width\":265,\"height\":83,\"caption\":\"FOCUS Business Solutions\"},\"image\":{\"@id\":\"https:\\\/\\\/focus-solutions.net\\\/es\\\/#\\\/schema\\\/logo\\\/image\\\/\"}}]}<\/script>\n<!-- \/ Yoast SEO plugin. -->","yoast_head_json":{"title":"Enlaces sobre cumplimiento de la normatividad comercial - Focus Business Solutions","robots":{"index":"index","follow":"follow","max-snippet":"max-snippet:-1","max-image-preview":"max-image-preview:large","max-video-preview":"max-video-preview:-1"},"canonical":"https:\/\/focus-solutions.net\/es\/enlaces-sobre-cumplimiento-de-la-normativa-comercial\/","og_locale":"es_ES","og_type":"article","og_title":"Enlaces sobre cumplimiento de la normatividad comercial - Focus Business Solutions","og_description":"Enlaces y recursos sobre cumplimiento de la normatividad comercialHemos reunido una colecci\u00f3n de enlaces \u00fatiles de gobiernos y grupos comerciales de todo el mundo. Estos enlaces se abrir\u00e1n en una nueva ventana del navegador. FOCUS Business Solutions, Inc. no tiene control sobre, ni es responsable de, el contenido o enlaces en los siguientes sitios web. [&hellip;]","og_url":"https:\/\/focus-solutions.net\/es\/enlaces-sobre-cumplimiento-de-la-normativa-comercial\/","og_site_name":"Focus Business Solutions","article_modified_time":"2023-11-26T21:56:03+00:00","twitter_card":"summary_large_image","twitter_misc":{"Tiempo de lectura":"3 minutos"},"schema":{"@context":"https:\/\/schema.org","@graph":[{"@type":"WebPage","@id":"https:\/\/focus-solutions.net\/es\/enlaces-sobre-cumplimiento-de-la-normativa-comercial\/","url":"https:\/\/focus-solutions.net\/es\/enlaces-sobre-cumplimiento-de-la-normativa-comercial\/","name":"Enlaces sobre cumplimiento de la normatividad comercial - Focus Business Solutions","isPartOf":{"@id":"https:\/\/focus-solutions.net\/es\/#website"},"datePublished":"2022-03-29T14:06:14+00:00","dateModified":"2023-11-26T21:56:03+00:00","breadcrumb":{"@id":"https:\/\/focus-solutions.net\/es\/enlaces-sobre-cumplimiento-de-la-normativa-comercial\/#breadcrumb"},"inLanguage":"es","potentialAction":[{"@type":"ReadAction","target":["https:\/\/focus-solutions.net\/es\/enlaces-sobre-cumplimiento-de-la-normativa-comercial\/"]}]},{"@type":"BreadcrumbList","@id":"https:\/\/focus-solutions.net\/es\/enlaces-sobre-cumplimiento-de-la-normativa-comercial\/#breadcrumb","itemListElement":[{"@type":"ListItem","position":1,"name":"Home","item":"https:\/\/focus-solutions.net\/es\/inicio\/"},{"@type":"ListItem","position":2,"name":"Enlaces sobre cumplimiento de la normatividad comercial"}]},{"@type":"WebSite","@id":"https:\/\/focus-solutions.net\/es\/#website","url":"https:\/\/focus-solutions.net\/es\/","name":"FOCUS Business Solutions","description":"International Trade Compliance Company","publisher":{"@id":"https:\/\/focus-solutions.net\/es\/#organization"},"potentialAction":[{"@type":"SearchAction","target":{"@type":"EntryPoint","urlTemplate":"https:\/\/focus-solutions.net\/es\/?s={search_term_string}"},"query-input":{"@type":"PropertyValueSpecification","valueRequired":true,"valueName":"search_term_string"}}],"inLanguage":"es"},{"@type":"Organization","@id":"https:\/\/focus-solutions.net\/es\/#organization","name":"FOCUS Business Solutions","url":"https:\/\/focus-solutions.net\/es\/","logo":{"@type":"ImageObject","inLanguage":"es","@id":"https:\/\/focus-solutions.net\/es\/#\/schema\/logo\/image\/","url":"https:\/\/focus-solutions.net\/wp-content\/uploads\/2023\/05\/FOCUS-Color-265px.png","contentUrl":"https:\/\/focus-solutions.net\/wp-content\/uploads\/2023\/05\/FOCUS-Color-265px.png","width":265,"height":83,"caption":"FOCUS Business Solutions"},"image":{"@id":"https:\/\/focus-solutions.net\/es\/#\/schema\/logo\/image\/"}}]}},"jetpack_sharing_enabled":true,"_links":{"self":[{"href":"https:\/\/focus-solutions.net\/es\/wp-json\/wp\/v2\/pages\/713","targetHints":{"allow":["GET"]}}],"collection":[{"href":"https:\/\/focus-solutions.net\/es\/wp-json\/wp\/v2\/pages"}],"about":[{"href":"https:\/\/focus-solutions.net\/es\/wp-json\/wp\/v2\/types\/page"}],"author":[{"embeddable":true,"href":"https:\/\/focus-solutions.net\/es\/wp-json\/wp\/v2\/users\/1"}],"replies":[{"embeddable":true,"href":"https:\/\/focus-solutions.net\/es\/wp-json\/wp\/v2\/comments?post=713"}],"version-history":[{"count":0,"href":"https:\/\/focus-solutions.net\/es\/wp-json\/wp\/v2\/pages\/713\/revisions"}],"wp:attachment":[{"href":"https:\/\/focus-solutions.net\/es\/wp-json\/wp\/v2\/media?parent=713"}],"curies":[{"name":"wp","href":"https:\/\/api.w.org\/{rel}","templated":true}]}}