{"id":797,"date":"2022-03-23T15:47:50","date_gmt":"2022-03-23T15:47:50","guid":{"rendered":"https:\/\/focus-solutions.net\/contacte-con-nosotros\/"},"modified":"2023-11-20T23:04:34","modified_gmt":"2023-11-20T23:04:34","slug":"contacte-con-nosotros","status":"publish","type":"page","link":"https:\/\/focus-solutions.net\/es\/contacte-con-nosotros\/","title":{"rendered":"P\u00f3ngase en contacto con nosotros"},"content":{"rendered":"<p>[et_pb_section fb_built=\u00bb1&#8243; _builder_version=\u00bb4.15&#8243; _module_preset=\u00bbdefault\u00bb background_enable_color=\u00bboff\u00bb background_enable_image=\u00bboff\u00bb background_blend=\u00bboverlay\u00bb global_colors_info=\u00bb{}\u00bb][et_pb_row column_structure=\u00bb3_5,2_5&#8243; _builder_version=\u00bb4.15.1&#8243; _module_preset=\u00bbdefault\u00bb background_enable_color=\u00bboff\u00bb hover_enabled=\u00bb0&#8243; global_colors_info=\u00bb{}\u00bb sticky_enabled=\u00bb0&#8243;][et_pb_column type=\u00bb3_5&#8243; _builder_version=\u00bb4.15.1&#8243; _module_preset=\u00bbdefault\u00bb global_colors_info=\u00bb{}\u00bb][et_pb_text _builder_version=\u00bb4.15&#8243; _module_preset=\u00bbdefault\u00bb header_font=\u00bb|800|||||||\u00bb header_text_color=\u00bb#333333&#8243; header_font_size=\u00bb44px\u00bb custom_margin_tablet=\u00bb||5%||false|false\u00bb custom_margin_phone=\u00bb||5%||false|false\u00bb custom_margin_last_edited=\u00bbon|phone\u00bb header_font_size_tablet=\u00bb32px\u00bb header_font_size_phone=\u00bb24px\u00bb header_font_size_last_edited=\u00bbon|phone\u00bb global_colors_info=\u00bb{}\u00bb]<\/p>\n<h1>P\u00f3ngase en contacto con nosotros<\/h1>\n<p>[\/et_pb_text][et_pb_text _builder_version=\u00bb4.15&#8243; _module_preset=\u00bbdefault\u00bb text_text_color=\u00bb#333333&#8243; text_font_size=\u00bb16px\u00bb border_color_all=\u00bb#FFFFFF\u00bb global_colors_info=\u00bb{}\u00bb]<\/p>\n<p>Nuestro equipo de expertos est\u00e1 a su disposici\u00f3n para ayudarle en todas sus necesidades de cumplimiento del comercio internacional Inicie el proceso poni\u00e9ndose en contacto con nosotros hoy mismo.<\/p>\n<p>[\/et_pb_text][et_pb_df_gravityform_injector id=\u00bb1&#8243; title=\u00bboff\u00bb description=\u00bboff\u00bb ajax=\u00bbon\u00bb fb_background_color=\u00bb#4BB15F\u00bb fb_background_color_hover=\u00bb#4BB15F\u00bb fb_border_radius=\u00bb10&#8243; input_background_color=\u00bb#E9F1F7&#8243; input_border_radius=\u00bb10&#8243; footer_border_width_top=\u00bb0&#8243; _builder_version=\u00bb4.15.1&#8243; _module_preset=\u00bbdefault\u00bb label_text_color=\u00bb#1C2954&#8243; input_font=\u00bb||||||||\u00bb form_button_font=\u00bbMaven Pro|||on|||||\u00bb form_button_text_color=\u00bb#FFFFFF\u00bb form_button_font_size=\u00bb20px\u00bb max_width=\u00bb700px\u00bb module_alignment=\u00bbcenter\u00bb custom_padding=\u00bb15px|5px|15px|5px|true|true\u00bb custom_css_form_button=\u00bbfont-weight: 500;\u00bb global_colors_info=\u00bb{}\u00bb][\/et_pb_df_gravityform_injector][\/et_pb_column][et_pb_column type=\u00bb2_5&#8243; _builder_version=\u00bb4.15.1&#8243; _module_preset=\u00bbdefault\u00bb positioning=\u00bbnone\u00bb sticky_position=\u00bbtop\u00bb sticky_offset_top=\u00bb35px\u00bb sticky_limit_bottom=\u00bbrow\u00bb hover_enabled=\u00bb0&#8243; sticky_position_tablet=\u00bbnone\u00bb sticky_position_phone=\u00bbnone\u00bb sticky_position_last_edited=\u00bbon|desktop\u00bb global_colors_info=\u00bb{}\u00bb sticky_enabled=\u00bb0&#8243;][et_pb_blurb title=\u00bbHORAS\u00bb use_icon=\u00bbon\u00bb font_icon=\u00bb&#xf017;||fa||400&#8243; icon_color=\u00bb#3F84E5&#8243; icon_placement=\u00bbleft\u00bb _builder_version=\u00bb4.15&#8243; _module_preset=\u00bbdefault\u00bb global_colors_info=\u00bb{}\u00bb]<\/p>\n<p>L-V: 8AM &#8211; 5PM<\/p>\n<p>[\/et_pb_blurb][et_pb_blurb title=\u00bbEMAIL\u00bb use_icon=\u00bbon\u00bb font_icon=\u00bb&#xe010;||divi||400&#8243; icon_color=\u00bb#3F84E5&#8243; icon_placement=\u00bbleft\u00bb _builder_version=\u00bb4.15&#8243; _module_preset=\u00bbdefault\u00bb body_link_text_color=\u00bb#3F84E5&#8243; global_colors_info=\u00bb{}\u00bb]<\/p>\n<p><a href=\"mailto:info@focus-solutions.net\" target=\"_blank\" rel=\"noopener\">info@focus-solutions.net<\/a><\/p>\n<p>[\/et_pb_blurb][et_pb_blurb title=\u00bbTEL\u00c9FONO\u00bb use_icon=\u00bbon\u00bb font_icon=\u00bb&#xe090;||divi||400&#8243; icon_color=\u00bb#3F84E5&#8243; icon_placement=\u00bbleft\u00bb _builder_version=\u00bb4.15&#8243; _module_preset=\u00bbdefault\u00bb body_link_text_color=\u00bb#3F84E5&#8243; global_colors_info=\u00bb{}\u00bb]<\/p>\n<p><a href=\"tel:13132927000\" target=\"_blank\" rel=\"noopener\">(313) 292-7000<\/a><\/p>\n<p>[\/et_pb_blurb][et_pb_blurb title=\u00bbFAX\u00bb use_icon=\u00bbon\u00bb font_icon=\u00bb&#xe0fa;||divi||400&#8243; icon_color=\u00bb#3F84E5&#8243; icon_placement=\u00bbleft\u00bb _builder_version=\u00bb4.15&#8243; _module_preset=\u00bbdefault\u00bb body_link_text_color=\u00bb#3F84E5&#8243; global_colors_info=\u00bb{}\u00bb]<\/p>\n<p><a href=\"tel:13137228770\" target=\"_blank\" rel=\"noopener\">(313) 722-8770<\/a><\/p>\n<p>[\/et_pb_blurb][\/et_pb_column][\/et_pb_row][\/et_pb_section]<\/p>\n","protected":false},"excerpt":{"rendered":"<p>P\u00f3ngase en contacto con nosotrosNuestro equipo de expertos est\u00e1 a su disposici\u00f3n para ayudarle en todas sus necesidades de cumplimiento del comercio internacional Inicie el proceso poni\u00e9ndose en contacto con nosotros hoy mismo.L-V: 8AM &#8211; 5PMinfo@focus-solutions.net(313) 292-7000(313) 722-8770<\/p>\n","protected":false},"author":1,"featured_media":0,"parent":0,"menu_order":0,"comment_status":"closed","ping_status":"closed","template":"","meta":{"_et_pb_use_builder":"on","_et_pb_old_content":"","_et_gb_content_width":"","footnotes":""},"class_list":["post-797","page","type-page","status-publish","hentry"],"yoast_head":"<!-- This site is optimized with the Yoast SEO plugin v27.4 - https:\/\/yoast.com\/product\/yoast-seo-wordpress\/ -->\n<title>P\u00f3ngase en contacto con nosotros - Focus Business Solutions<\/title>\n<meta name=\"robots\" content=\"index, follow, max-snippet:-1, max-image-preview:large, max-video-preview:-1\" \/>\n<link rel=\"canonical\" href=\"https:\/\/focus-solutions.net\/es\/contacte-con-nosotros\/\" \/>\n<meta property=\"og:locale\" content=\"es_ES\" \/>\n<meta property=\"og:type\" content=\"article\" \/>\n<meta property=\"og:title\" content=\"P\u00f3ngase en contacto con nosotros - Focus Business Solutions\" \/>\n<meta property=\"og:description\" content=\"P\u00f3ngase en contacto con nosotrosNuestro equipo de expertos est\u00e1 a su disposici\u00f3n para ayudarle en todas sus necesidades de cumplimiento del comercio internacional Inicie el proceso poni\u00e9ndose en contacto con nosotros hoy mismo.L-V: 8AM - 5PMinfo@focus-solutions.net(313) 292-7000(313) 722-8770\" \/>\n<meta property=\"og:url\" content=\"https:\/\/focus-solutions.net\/es\/contacte-con-nosotros\/\" \/>\n<meta property=\"og:site_name\" content=\"Focus Business Solutions\" \/>\n<meta property=\"article:modified_time\" content=\"2023-11-20T23:04:34+00:00\" \/>\n<meta name=\"twitter:card\" content=\"summary_large_image\" \/>\n<meta name=\"twitter:label1\" content=\"Tiempo de lectura\" \/>\n\t<meta name=\"twitter:data1\" content=\"2 minutos\" \/>\n<script type=\"application\/ld+json\" class=\"yoast-schema-graph\">{\"@context\":\"https:\\\/\\\/schema.org\",\"@graph\":[{\"@type\":\"WebPage\",\"@id\":\"https:\\\/\\\/focus-solutions.net\\\/es\\\/contacte-con-nosotros\\\/\",\"url\":\"https:\\\/\\\/focus-solutions.net\\\/es\\\/contacte-con-nosotros\\\/\",\"name\":\"P\u00f3ngase en contacto con nosotros - Focus Business Solutions\",\"isPartOf\":{\"@id\":\"https:\\\/\\\/focus-solutions.net\\\/es\\\/#website\"},\"datePublished\":\"2022-03-23T15:47:50+00:00\",\"dateModified\":\"2023-11-20T23:04:34+00:00\",\"breadcrumb\":{\"@id\":\"https:\\\/\\\/focus-solutions.net\\\/es\\\/contacte-con-nosotros\\\/#breadcrumb\"},\"inLanguage\":\"es\",\"potentialAction\":[{\"@type\":\"ReadAction\",\"target\":[\"https:\\\/\\\/focus-solutions.net\\\/es\\\/contacte-con-nosotros\\\/\"]}]},{\"@type\":\"BreadcrumbList\",\"@id\":\"https:\\\/\\\/focus-solutions.net\\\/es\\\/contacte-con-nosotros\\\/#breadcrumb\",\"itemListElement\":[{\"@type\":\"ListItem\",\"position\":1,\"name\":\"Home\",\"item\":\"https:\\\/\\\/focus-solutions.net\\\/es\\\/inicio\\\/\"},{\"@type\":\"ListItem\",\"position\":2,\"name\":\"P\u00f3ngase en contacto con nosotros\"}]},{\"@type\":\"WebSite\",\"@id\":\"https:\\\/\\\/focus-solutions.net\\\/es\\\/#website\",\"url\":\"https:\\\/\\\/focus-solutions.net\\\/es\\\/\",\"name\":\"FOCUS Business Solutions\",\"description\":\"International Trade Compliance Company\",\"publisher\":{\"@id\":\"https:\\\/\\\/focus-solutions.net\\\/es\\\/#organization\"},\"potentialAction\":[{\"@type\":\"SearchAction\",\"target\":{\"@type\":\"EntryPoint\",\"urlTemplate\":\"https:\\\/\\\/focus-solutions.net\\\/es\\\/?s={search_term_string}\"},\"query-input\":{\"@type\":\"PropertyValueSpecification\",\"valueRequired\":true,\"valueName\":\"search_term_string\"}}],\"inLanguage\":\"es\"},{\"@type\":\"Organization\",\"@id\":\"https:\\\/\\\/focus-solutions.net\\\/es\\\/#organization\",\"name\":\"FOCUS Business Solutions\",\"url\":\"https:\\\/\\\/focus-solutions.net\\\/es\\\/\",\"logo\":{\"@type\":\"ImageObject\",\"inLanguage\":\"es\",\"@id\":\"https:\\\/\\\/focus-solutions.net\\\/es\\\/#\\\/schema\\\/logo\\\/image\\\/\",\"url\":\"https:\\\/\\\/focus-solutions.net\\\/wp-content\\\/uploads\\\/2023\\\/05\\\/FOCUS-Color-265px.png\",\"contentUrl\":\"https:\\\/\\\/focus-solutions.net\\\/wp-content\\\/uploads\\\/2023\\\/05\\\/FOCUS-Color-265px.png\",\"width\":265,\"height\":83,\"caption\":\"FOCUS Business Solutions\"},\"image\":{\"@id\":\"https:\\\/\\\/focus-solutions.net\\\/es\\\/#\\\/schema\\\/logo\\\/image\\\/\"}}]}<\/script>\n<!-- \/ Yoast SEO plugin. -->","yoast_head_json":{"title":"P\u00f3ngase en contacto con nosotros - Focus Business Solutions","robots":{"index":"index","follow":"follow","max-snippet":"max-snippet:-1","max-image-preview":"max-image-preview:large","max-video-preview":"max-video-preview:-1"},"canonical":"https:\/\/focus-solutions.net\/es\/contacte-con-nosotros\/","og_locale":"es_ES","og_type":"article","og_title":"P\u00f3ngase en contacto con nosotros - Focus Business Solutions","og_description":"P\u00f3ngase en contacto con nosotrosNuestro equipo de expertos est\u00e1 a su disposici\u00f3n para ayudarle en todas sus necesidades de cumplimiento del comercio internacional Inicie el proceso poni\u00e9ndose en contacto con nosotros hoy mismo.L-V: 8AM - 5PMinfo@focus-solutions.net(313) 292-7000(313) 722-8770","og_url":"https:\/\/focus-solutions.net\/es\/contacte-con-nosotros\/","og_site_name":"Focus Business Solutions","article_modified_time":"2023-11-20T23:04:34+00:00","twitter_card":"summary_large_image","twitter_misc":{"Tiempo de lectura":"2 minutos"},"schema":{"@context":"https:\/\/schema.org","@graph":[{"@type":"WebPage","@id":"https:\/\/focus-solutions.net\/es\/contacte-con-nosotros\/","url":"https:\/\/focus-solutions.net\/es\/contacte-con-nosotros\/","name":"P\u00f3ngase en contacto con nosotros - Focus Business Solutions","isPartOf":{"@id":"https:\/\/focus-solutions.net\/es\/#website"},"datePublished":"2022-03-23T15:47:50+00:00","dateModified":"2023-11-20T23:04:34+00:00","breadcrumb":{"@id":"https:\/\/focus-solutions.net\/es\/contacte-con-nosotros\/#breadcrumb"},"inLanguage":"es","potentialAction":[{"@type":"ReadAction","target":["https:\/\/focus-solutions.net\/es\/contacte-con-nosotros\/"]}]},{"@type":"BreadcrumbList","@id":"https:\/\/focus-solutions.net\/es\/contacte-con-nosotros\/#breadcrumb","itemListElement":[{"@type":"ListItem","position":1,"name":"Home","item":"https:\/\/focus-solutions.net\/es\/inicio\/"},{"@type":"ListItem","position":2,"name":"P\u00f3ngase en contacto con nosotros"}]},{"@type":"WebSite","@id":"https:\/\/focus-solutions.net\/es\/#website","url":"https:\/\/focus-solutions.net\/es\/","name":"FOCUS Business Solutions","description":"International Trade Compliance Company","publisher":{"@id":"https:\/\/focus-solutions.net\/es\/#organization"},"potentialAction":[{"@type":"SearchAction","target":{"@type":"EntryPoint","urlTemplate":"https:\/\/focus-solutions.net\/es\/?s={search_term_string}"},"query-input":{"@type":"PropertyValueSpecification","valueRequired":true,"valueName":"search_term_string"}}],"inLanguage":"es"},{"@type":"Organization","@id":"https:\/\/focus-solutions.net\/es\/#organization","name":"FOCUS Business Solutions","url":"https:\/\/focus-solutions.net\/es\/","logo":{"@type":"ImageObject","inLanguage":"es","@id":"https:\/\/focus-solutions.net\/es\/#\/schema\/logo\/image\/","url":"https:\/\/focus-solutions.net\/wp-content\/uploads\/2023\/05\/FOCUS-Color-265px.png","contentUrl":"https:\/\/focus-solutions.net\/wp-content\/uploads\/2023\/05\/FOCUS-Color-265px.png","width":265,"height":83,"caption":"FOCUS Business Solutions"},"image":{"@id":"https:\/\/focus-solutions.net\/es\/#\/schema\/logo\/image\/"}}]}},"jetpack_sharing_enabled":true,"_links":{"self":[{"href":"https:\/\/focus-solutions.net\/es\/wp-json\/wp\/v2\/pages\/797","targetHints":{"allow":["GET"]}}],"collection":[{"href":"https:\/\/focus-solutions.net\/es\/wp-json\/wp\/v2\/pages"}],"about":[{"href":"https:\/\/focus-solutions.net\/es\/wp-json\/wp\/v2\/types\/page"}],"author":[{"embeddable":true,"href":"https:\/\/focus-solutions.net\/es\/wp-json\/wp\/v2\/users\/1"}],"replies":[{"embeddable":true,"href":"https:\/\/focus-solutions.net\/es\/wp-json\/wp\/v2\/comments?post=797"}],"version-history":[{"count":0,"href":"https:\/\/focus-solutions.net\/es\/wp-json\/wp\/v2\/pages\/797\/revisions"}],"wp:attachment":[{"href":"https:\/\/focus-solutions.net\/es\/wp-json\/wp\/v2\/media?parent=797"}],"curies":[{"name":"wp","href":"https:\/\/api.w.org\/{rel}","templated":true}]}}