{"id":800,"date":"2022-01-28T04:48:58","date_gmt":"2022-01-28T04:48:58","guid":{"rendered":"https:\/\/focus-solutions.net\/politica-de-privacidad\/"},"modified":"2023-11-23T02:07:09","modified_gmt":"2023-11-23T02:07:09","slug":"politica-de-privacidad","status":"publish","type":"page","link":"https:\/\/focus-solutions.net\/es\/politica-de-privacidad\/","title":{"rendered":"Pol\u00edtica de privacidad"},"content":{"rendered":"<p>[et_pb_section fb_built=\u00bb1&#8243; admin_label=\u00bbsection\u00bb _builder_version=\u00bb4.15&#8243; global_colors_info=\u00bb{}\u00bb][et_pb_row admin_label=\u00bbfila\u00bb _builder_version=\u00bb4.15.1&#8243; background_size=\u00bbinitial\u00bb background_position=\u00bbtop_left\u00bb background_repeat=\u00bbrepeat\u00bb hover_enabled=\u00bb0&#8243; global_colors_info=\u00bb{}\u00bb max_width=\u00bb900px\u00bb sticky_enabled=\u00bb0&#8243;][et_pb_column type=\u00bb4_4&#8243; _builder_version=\u00bb4.15&#8243; custom_padding=\u00bb|||\u00bb global_colors_info=\u00bb{}\u00bb custom_padding__hover=\u00bb|||\u00bb][et_pb_text _builder_version=\u00bb4.15.1&#8243; _module_preset=\u00bbdefault\u00bb header_font_size_last_edited=\u00bbon|phone\u00bb header_font_size=\u00bb44px\u00bb hover_enabled=\u00bb0&#8243; sticky_enabled=\u00bb0&#8243; header_font_size_tablet=\u00bb37px\u00bb header_font_size_phone=\u00bb30px\u00bb]<\/p>\n<h1>Pol\u00edtica de privacidad<\/h1>\n<p>[\/et_pb_text][et_pb_text admin_label=\u00bbText\u00bb _builder_version=\u00bb4.15.1&#8243; background_size=\u00bbinitial\u00bb background_position=\u00bbtop_left\u00bb background_repeat=\u00bbrepeat\u00bb hover_enabled=\u00bb0&#8243; global_colors_info=\u00bb{}\u00bb ul_item_indent=\u00bb42px\u00bb sticky_enabled=\u00bb0&#8243;]<\/p>\n<h3>NUESTRO COMPROMISO CON LA PRIVACIDAD<\/h3>\n<p>Su privacidad es importante para FOCUS Business Solutions, Inc. Hemos creado esta Pol\u00edtica de Privacidad para demostrar nuestro compromiso con la privacidad y la protecci\u00f3n de su informaci\u00f3n. Para proteger mejor su privacidad, le proporcionamos este aviso explicando nuestras pr\u00e1cticas de informaci\u00f3n en l\u00ednea y las opciones que puede elegir sobre la forma en que se recopila y utiliza su informaci\u00f3n. Para que este aviso sea f\u00e1cil de encontrar, lo ponemos a su disposici\u00f3n en todas nuestras p\u00e1ginas web a trav\u00e9s de Focus-Solutions.net<\/p>\n<h3>LA INFORMACI\u00d3N QUE RECOPILAMOS<\/h3>\n<p>Este aviso se aplica a toda la informaci\u00f3n recopilada o enviada en el sitio web Focus-Solutions.net. En algunas p\u00e1ginas puede pedir programas inform\u00e1ticos, hacer solicitudes y registrarse para recibir materiales. El tipo de informaci\u00f3n que se recopila en estas p\u00e1ginas es:<\/p>\n<ul>\n<li>Nombre de la empresa<\/li>\n<li>Persona de contacto \/ Puesto<\/li>\n<li>Domicilio<\/li>\n<li>Direcci\u00f3n de correo electr\u00f3nico<\/li>\n<li>N\u00famero de tel\u00e9fono<\/li>\n<li>(etc.)<\/li>\n<\/ul>\n<h3>C\u00d3MO UTILIZAMOS LA INFORMACI\u00d3N<\/h3>\n<p>FOCUS Business Solutions, Inc. no compartir\u00e1 la informaci\u00f3n que usted proporcione con terceros. Este aviso se aplica a toda la informaci\u00f3n recopilada y\/o enviada al sitio web Focus-Solutions.net. La informaci\u00f3n recopilada tiene como \u00fanico fin satisfacer su solicitud espec\u00edfica.<\/p>\n<h3>SEGURIDAD DE LOS DATOS<\/h3>\n<p>Para evitar el acceso no autorizado, mantener la exactitud de los datos y garantizar el uso correcto de la informaci\u00f3n, hemos establecido procedimientos f\u00edsicos, electr\u00f3nicos y de gesti\u00f3n adecuados para salvaguardar y proteger la informaci\u00f3n que recopilamos en l\u00ednea. FOCUS Business Solutions, Inc. utiliza tecnolog\u00eda de encriptaci\u00f3n para salvaguardar sus datos en las comunicaciones electr\u00f3nicas. Toda la informaci\u00f3n que proporcione a FOCUS Business Solutions, Inc. se guarda en servidores seguros. Focus-Solutions.net utiliza medidas administrativas, t\u00e9cnicas, de personal y f\u00edsicas razonables. (a) salvaguardar los datos contra p\u00e9rdida, robo, uso no autorizado, divulgaci\u00f3n o modificaci\u00f3n; y (b) garantizar la integridad de los datos. Para ayudarnos a proteger su privacidad, debe mantener en secreto el identificador de inicio de sesi\u00f3n y la contrase\u00f1a que haya establecido en relaci\u00f3n con su participaci\u00f3n en el servicio de este sitio web.<\/p>\n<h3>COOKIES<\/h3>\n<p>Nuestros sitios web pueden utilizar \u00abcookies\u00bb para procesar y almacenar informaci\u00f3n relevante para su uso de nuestros sitios web y servicios. Las cookies son identificadores que un sitio web puede enviar a su navegador para que los conserve en su ordenador con el fin de identificarle y hacer m\u00e1s eficaces sus sucesivas visitas al sitio web. Gracias a las cookies, podemos rastrear la direcci\u00f3n de Internet de los dominios desde los que nos visitan los usuarios. Analizamos estos datos con fines internos. Puede configurar su navegador para que le avise cuando se le env\u00ede un \u00abcookie\u00bb. As\u00ed podr\u00e1 decidir si la acepta o no.<\/p>\n<h3>PRIVACIDAD DE LOS INFANTES<\/h3>\n<p>Proteger la intimidad de los m\u00e1s peque\u00f1os es especialmente importante. Por esa raz\u00f3n, nunca recopilamos ni mantenemos informaci\u00f3n en nuestro sitio web de aquellos que realmente sabemos que son menores de 13 a\u00f1os, y ninguna parte de nuestro sitio web est\u00e1 estructurada para atraer a menores de 13 a\u00f1os.<\/p>\n<p>[\/et_pb_text][\/et_pb_column][\/et_pb_row][\/et_pb_section]<\/p>\n","protected":false},"excerpt":{"rendered":"<p>Pol\u00edtica de privacidadNUESTRO COMPROMISO CON LA PRIVACIDAD Su privacidad es importante para FOCUS Business Solutions, Inc. Hemos creado esta Pol\u00edtica de Privacidad para demostrar nuestro compromiso con la privacidad y la protecci\u00f3n de su informaci\u00f3n. Para proteger mejor su privacidad, le proporcionamos este aviso explicando nuestras pr\u00e1cticas de informaci\u00f3n en l\u00ednea y las opciones que [&hellip;]<\/p>\n","protected":false},"author":1,"featured_media":0,"parent":0,"menu_order":0,"comment_status":"closed","ping_status":"open","template":"","meta":{"_et_pb_use_builder":"on","_et_pb_old_content":"","_et_gb_content_width":"","footnotes":""},"class_list":["post-800","page","type-page","status-publish","hentry"],"yoast_head":"<!-- This site is optimized with the Yoast SEO plugin v27.4 - https:\/\/yoast.com\/product\/yoast-seo-wordpress\/ -->\n<title>Pol\u00edtica de privacidad - Focus Business Solutions<\/title>\n<meta name=\"robots\" content=\"index, follow, max-snippet:-1, max-image-preview:large, max-video-preview:-1\" \/>\n<link rel=\"canonical\" href=\"https:\/\/focus-solutions.net\/es\/politica-de-privacidad\/\" \/>\n<meta property=\"og:locale\" content=\"es_ES\" \/>\n<meta property=\"og:type\" content=\"article\" \/>\n<meta property=\"og:title\" content=\"Pol\u00edtica de privacidad - Focus Business Solutions\" \/>\n<meta property=\"og:description\" content=\"Pol\u00edtica de privacidadNUESTRO COMPROMISO CON LA PRIVACIDAD Su privacidad es importante para FOCUS Business Solutions, Inc. Hemos creado esta Pol\u00edtica de Privacidad para demostrar nuestro compromiso con la privacidad y la protecci\u00f3n de su informaci\u00f3n. Para proteger mejor su privacidad, le proporcionamos este aviso explicando nuestras pr\u00e1cticas de informaci\u00f3n en l\u00ednea y las opciones que [&hellip;]\" \/>\n<meta property=\"og:url\" content=\"https:\/\/focus-solutions.net\/es\/politica-de-privacidad\/\" \/>\n<meta property=\"og:site_name\" content=\"Focus Business Solutions\" \/>\n<meta property=\"article:modified_time\" content=\"2023-11-23T02:07:09+00:00\" \/>\n<meta name=\"twitter:card\" content=\"summary_large_image\" \/>\n<meta name=\"twitter:label1\" content=\"Tiempo de lectura\" \/>\n\t<meta name=\"twitter:data1\" content=\"3 minutos\" \/>\n<script type=\"application\/ld+json\" class=\"yoast-schema-graph\">{\"@context\":\"https:\\\/\\\/schema.org\",\"@graph\":[{\"@type\":\"WebPage\",\"@id\":\"https:\\\/\\\/focus-solutions.net\\\/es\\\/politica-de-privacidad\\\/\",\"url\":\"https:\\\/\\\/focus-solutions.net\\\/es\\\/politica-de-privacidad\\\/\",\"name\":\"Pol\u00edtica de privacidad - Focus Business Solutions\",\"isPartOf\":{\"@id\":\"https:\\\/\\\/focus-solutions.net\\\/es\\\/#website\"},\"datePublished\":\"2022-01-28T04:48:58+00:00\",\"dateModified\":\"2023-11-23T02:07:09+00:00\",\"breadcrumb\":{\"@id\":\"https:\\\/\\\/focus-solutions.net\\\/es\\\/politica-de-privacidad\\\/#breadcrumb\"},\"inLanguage\":\"es\",\"potentialAction\":[{\"@type\":\"ReadAction\",\"target\":[\"https:\\\/\\\/focus-solutions.net\\\/es\\\/politica-de-privacidad\\\/\"]}]},{\"@type\":\"BreadcrumbList\",\"@id\":\"https:\\\/\\\/focus-solutions.net\\\/es\\\/politica-de-privacidad\\\/#breadcrumb\",\"itemListElement\":[{\"@type\":\"ListItem\",\"position\":1,\"name\":\"Home\",\"item\":\"https:\\\/\\\/focus-solutions.net\\\/es\\\/inicio\\\/\"},{\"@type\":\"ListItem\",\"position\":2,\"name\":\"Pol\u00edtica de privacidad\"}]},{\"@type\":\"WebSite\",\"@id\":\"https:\\\/\\\/focus-solutions.net\\\/es\\\/#website\",\"url\":\"https:\\\/\\\/focus-solutions.net\\\/es\\\/\",\"name\":\"FOCUS Business Solutions\",\"description\":\"International Trade Compliance Company\",\"publisher\":{\"@id\":\"https:\\\/\\\/focus-solutions.net\\\/es\\\/#organization\"},\"potentialAction\":[{\"@type\":\"SearchAction\",\"target\":{\"@type\":\"EntryPoint\",\"urlTemplate\":\"https:\\\/\\\/focus-solutions.net\\\/es\\\/?s={search_term_string}\"},\"query-input\":{\"@type\":\"PropertyValueSpecification\",\"valueRequired\":true,\"valueName\":\"search_term_string\"}}],\"inLanguage\":\"es\"},{\"@type\":\"Organization\",\"@id\":\"https:\\\/\\\/focus-solutions.net\\\/es\\\/#organization\",\"name\":\"FOCUS Business Solutions\",\"url\":\"https:\\\/\\\/focus-solutions.net\\\/es\\\/\",\"logo\":{\"@type\":\"ImageObject\",\"inLanguage\":\"es\",\"@id\":\"https:\\\/\\\/focus-solutions.net\\\/es\\\/#\\\/schema\\\/logo\\\/image\\\/\",\"url\":\"https:\\\/\\\/focus-solutions.net\\\/wp-content\\\/uploads\\\/2023\\\/05\\\/FOCUS-Color-265px.png\",\"contentUrl\":\"https:\\\/\\\/focus-solutions.net\\\/wp-content\\\/uploads\\\/2023\\\/05\\\/FOCUS-Color-265px.png\",\"width\":265,\"height\":83,\"caption\":\"FOCUS Business Solutions\"},\"image\":{\"@id\":\"https:\\\/\\\/focus-solutions.net\\\/es\\\/#\\\/schema\\\/logo\\\/image\\\/\"}}]}<\/script>\n<!-- \/ Yoast SEO plugin. -->","yoast_head_json":{"title":"Pol\u00edtica de privacidad - Focus Business Solutions","robots":{"index":"index","follow":"follow","max-snippet":"max-snippet:-1","max-image-preview":"max-image-preview:large","max-video-preview":"max-video-preview:-1"},"canonical":"https:\/\/focus-solutions.net\/es\/politica-de-privacidad\/","og_locale":"es_ES","og_type":"article","og_title":"Pol\u00edtica de privacidad - Focus Business Solutions","og_description":"Pol\u00edtica de privacidadNUESTRO COMPROMISO CON LA PRIVACIDAD Su privacidad es importante para FOCUS Business Solutions, Inc. Hemos creado esta Pol\u00edtica de Privacidad para demostrar nuestro compromiso con la privacidad y la protecci\u00f3n de su informaci\u00f3n. Para proteger mejor su privacidad, le proporcionamos este aviso explicando nuestras pr\u00e1cticas de informaci\u00f3n en l\u00ednea y las opciones que [&hellip;]","og_url":"https:\/\/focus-solutions.net\/es\/politica-de-privacidad\/","og_site_name":"Focus Business Solutions","article_modified_time":"2023-11-23T02:07:09+00:00","twitter_card":"summary_large_image","twitter_misc":{"Tiempo de lectura":"3 minutos"},"schema":{"@context":"https:\/\/schema.org","@graph":[{"@type":"WebPage","@id":"https:\/\/focus-solutions.net\/es\/politica-de-privacidad\/","url":"https:\/\/focus-solutions.net\/es\/politica-de-privacidad\/","name":"Pol\u00edtica de privacidad - Focus Business Solutions","isPartOf":{"@id":"https:\/\/focus-solutions.net\/es\/#website"},"datePublished":"2022-01-28T04:48:58+00:00","dateModified":"2023-11-23T02:07:09+00:00","breadcrumb":{"@id":"https:\/\/focus-solutions.net\/es\/politica-de-privacidad\/#breadcrumb"},"inLanguage":"es","potentialAction":[{"@type":"ReadAction","target":["https:\/\/focus-solutions.net\/es\/politica-de-privacidad\/"]}]},{"@type":"BreadcrumbList","@id":"https:\/\/focus-solutions.net\/es\/politica-de-privacidad\/#breadcrumb","itemListElement":[{"@type":"ListItem","position":1,"name":"Home","item":"https:\/\/focus-solutions.net\/es\/inicio\/"},{"@type":"ListItem","position":2,"name":"Pol\u00edtica de privacidad"}]},{"@type":"WebSite","@id":"https:\/\/focus-solutions.net\/es\/#website","url":"https:\/\/focus-solutions.net\/es\/","name":"FOCUS Business Solutions","description":"International Trade Compliance Company","publisher":{"@id":"https:\/\/focus-solutions.net\/es\/#organization"},"potentialAction":[{"@type":"SearchAction","target":{"@type":"EntryPoint","urlTemplate":"https:\/\/focus-solutions.net\/es\/?s={search_term_string}"},"query-input":{"@type":"PropertyValueSpecification","valueRequired":true,"valueName":"search_term_string"}}],"inLanguage":"es"},{"@type":"Organization","@id":"https:\/\/focus-solutions.net\/es\/#organization","name":"FOCUS Business Solutions","url":"https:\/\/focus-solutions.net\/es\/","logo":{"@type":"ImageObject","inLanguage":"es","@id":"https:\/\/focus-solutions.net\/es\/#\/schema\/logo\/image\/","url":"https:\/\/focus-solutions.net\/wp-content\/uploads\/2023\/05\/FOCUS-Color-265px.png","contentUrl":"https:\/\/focus-solutions.net\/wp-content\/uploads\/2023\/05\/FOCUS-Color-265px.png","width":265,"height":83,"caption":"FOCUS Business Solutions"},"image":{"@id":"https:\/\/focus-solutions.net\/es\/#\/schema\/logo\/image\/"}}]}},"jetpack_sharing_enabled":true,"_links":{"self":[{"href":"https:\/\/focus-solutions.net\/es\/wp-json\/wp\/v2\/pages\/800","targetHints":{"allow":["GET"]}}],"collection":[{"href":"https:\/\/focus-solutions.net\/es\/wp-json\/wp\/v2\/pages"}],"about":[{"href":"https:\/\/focus-solutions.net\/es\/wp-json\/wp\/v2\/types\/page"}],"author":[{"embeddable":true,"href":"https:\/\/focus-solutions.net\/es\/wp-json\/wp\/v2\/users\/1"}],"replies":[{"embeddable":true,"href":"https:\/\/focus-solutions.net\/es\/wp-json\/wp\/v2\/comments?post=800"}],"version-history":[{"count":0,"href":"https:\/\/focus-solutions.net\/es\/wp-json\/wp\/v2\/pages\/800\/revisions"}],"wp:attachment":[{"href":"https:\/\/focus-solutions.net\/es\/wp-json\/wp\/v2\/media?parent=800"}],"curies":[{"name":"wp","href":"https:\/\/api.w.org\/{rel}","templated":true}]}}