{"id":815,"date":"2022-03-23T15:06:26","date_gmt":"2022-03-23T15:06:26","guid":{"rendered":"https:\/\/focus-solutions.net\/condiciones-de-uso\/"},"modified":"2023-11-24T02:56:52","modified_gmt":"2023-11-24T02:56:52","slug":"condiciones-de-uso","status":"publish","type":"page","link":"https:\/\/focus-solutions.net\/es\/condiciones-de-uso\/","title":{"rendered":"Condiciones de uso"},"content":{"rendered":"<p>[et_pb_section fb_built=\u00bb1&#8243; admin_label=\u00bbsection\u00bb _builder_version=\u00bb4.15&#8243; global_colors_info=\u00bb{}\u00bb][et_pb_row admin_label=\u00bbfila\u00bb _builder_version=\u00bb4.15.1&#8243; background_size=\u00bbinitial\u00bb background_position=\u00bbtop_left\u00bb background_repeat=\u00bbrepeat\u00bb hover_enabled=\u00bb0&#8243; global_colors_info=\u00bb{}\u00bb max_width=\u00bb900px\u00bb sticky_enabled=\u00bb0&#8243;][et_pb_column type=\u00bb4_4&#8243; _builder_version=\u00bb4.15&#8243; custom_padding=\u00bb|||\u00bb global_colors_info=\u00bb{}\u00bb custom_padding__hover=\u00bb|||\u00bb][et_pb_text admin_label=\u00bbText\u00bb _builder_version=\u00bb4.15.1&#8243; background_size=\u00bbinitial\u00bb background_position=\u00bbtop_left\u00bb background_repeat=\u00bbrepeat\u00bb hover_enabled=\u00bb0&#8243; global_colors_info=\u00bb{}\u00bb header_font_size=\u00bb44px\u00bb header_font_size_last_edited=\u00bbon|phone\u00bb sticky_enabled=\u00bb0&#8243; header_font_size_tablet=\u00bb37px\u00bb header_font_size_phone=\u00bb30px\u00bb ul_item_indent=\u00bb42px\u00bb]<\/p>\n<h1>Condiciones de uso<\/h1>\n<p>Bienvenido a FOCUS Business Solutions, Inc.. Si contin\u00faa navegando y utilizando este sitio web, usted acepta cumplir y estar obligado por los siguientes T\u00e9rminos de Servicio y condiciones que rigen la relaci\u00f3n Focus-Solutions.net con usted en relaci\u00f3n a este sitio web. Los servicios que Focus-Solutions.net le proporciona est\u00e1n sujetos a las siguientes Condiciones de Servicio. FOCUS Business Solutions, Inc. se reserva el derecho de actualizar las Condiciones de Servicio en cualquier momento sin previo aviso. Puede consultar la versi\u00f3n m\u00e1s actualizada de las Condiciones del servicio haciendo clic en el enlace de hipertexto \u00abCondiciones del servicio\u00bb situado en la parte inferior de nuestras p\u00e1ginas web.<\/p>\n<h3>Descripci\u00f3n de los servicios<\/h3>\n<p>A trav\u00e9s de su red de propiedades Web, Focus-Solutions.net le proporciona acceso a una variedad de recursos, incluyendo herramientas para desarrolladores, \u00e1reas de descarga, foros de comunicaci\u00f3n e informaci\u00f3n de productos (colectivamente \u00abServicios\u00bb). Los Servicios, incluidas las actualizaciones, mejoras, nuevas funciones y\/o la adici\u00f3n de nuevas propiedades Web, est\u00e1n sujetos a las Condiciones del Servicio.<\/p>\n<h3>Limitaci\u00f3n de uso personal y no comercial<\/h3>\n<p>A menos que se especifique lo contrario, los Servicios son para su uso personal y no comercial. Usted no puede modificar, copiar, distribuir, transmitir, mostrar, ejecutar, reproducir, publicar, licenciar, crear trabajos derivados, transferir o vender ninguna informaci\u00f3n, software, productos o servicios obtenidos de los Servicios.<\/p>\n<h3>Privacidad y protecci\u00f3n de datos personales<\/h3>\n<p>Consulte la Declaraci\u00f3n de Pol\u00edtica de Privacidad relativa a la recopilaci\u00f3n y uso de su informaci\u00f3n.<\/p>\n<h3>Cuenta de usuario, contrase\u00f1a y seguridad<\/h3>\n<p>Si alguno de los Servicios requiere que usted abra una cuenta, deber\u00e1 completar el proceso de registro proporcion\u00e1ndonos informaci\u00f3n actual, completa y precisa, tal y como se le solicite en el formulario de registro correspondiente. Tambi\u00e9n elegir\u00e1s una contrase\u00f1a y un nombre de usuario. Usted es enteramente responsable de mantener la confidencialidad de su contrase\u00f1a y de su cuenta. Adem\u00e1s, usted es enteramente responsable de todas y cada una de las actividades que se produzcan en su cuenta. Usted se compromete a notificar inmediatamente a FOCUS Business Solutions, Inc. cualquier uso no autorizado de su cuenta o cualquier otra violaci\u00f3n de la seguridad. FOCUS Business Solutions, Inc. no ser\u00e1 responsable de ninguna p\u00e9rdida en la que pueda incurrir como resultado de que otra persona utilice su contrase\u00f1a o cuenta, ya sea con o sin su conocimiento. No obstante, usted podr\u00eda ser considerado responsable de las p\u00e9rdidas sufridas por FOCUS Business Solutions, Inc. o por terceros debido al uso de su cuenta o contrase\u00f1a por parte de otra persona. No podr\u00e1 utilizar la cuenta de otra persona en ning\u00fan momento, sin el permiso del titular de la cuenta.<\/p>\n<h3>Ning\u00fan uso ilegal o prohibido<\/h3>\n<p>Como condici\u00f3n para el uso de los Servicios, usted no utilizar\u00e1 los Servicios para ning\u00fan prop\u00f3sito que sea ilegal o est\u00e9 prohibido por estos T\u00e9rminos de Servicio, condiciones y avisos. Usted no puede utilizar los Servicios de ninguna manera que pueda da\u00f1ar, deshabilitar, sobrecargar o perjudicar cualquier servidor de FOCUS Business Solutions, Inc. o la(s) red(es) conectada(s) a cualquier servidor de FOCUS Business Solutions, Inc. o interferir con el uso y goce de cualquier Servicio por parte de terceros. Usted no puede intentar obtener acceso no autorizado a cualquiera de los Servicios, otras cuentas, sistemas inform\u00e1ticos o redes conectadas a cualquier servidor de Focus-Solutions.net o a cualquiera de los Servicios, a trav\u00e9s de la pirater\u00eda, extracci\u00f3n de contrase\u00f1as o cualquier otro medio. Usted no puede obtener ni intentar obtener ning\u00fan material o informaci\u00f3n a trav\u00e9s de ning\u00fan medio que no est\u00e9 intencionalmente disponible a trav\u00e9s de los Servicios.<\/p>\n<h3>Utilizaci\u00f3n de los servicios<\/h3>\n<p>Los Servicios pueden contener notificaciones por correo electr\u00f3nico, servicios de tabl\u00f3n de anuncios, grupos de T\u00e9rminos de Servicio, foros, comunidades, p\u00e1ginas web personalizadas, calendarios, archivos y\/u otros servicios de mensajes o comunicaci\u00f3n dise\u00f1ados para permitirle comunicarse y\/o compartir informaci\u00f3n con otros (cada uno un \u00abServicio de Comunicaci\u00f3n\u00bb y colectivamente \u00abServicios de Comunicaci\u00f3n\u00bb). Usted se compromete a utilizar los Servicios de Comunicaci\u00f3n \u00fanicamente para publicar, enviar y recibir mensajes y material que sean apropiados y, en su caso, relacionados con el Servicio de Comunicaci\u00f3n en particular. A modo de ejemplo, y no como una limitaci\u00f3n, usted acepta que al utilizar los Servicios de Comunicaci\u00f3n, no har\u00e1 lo siguiente:<\/p>\n<ul>\n<li>Utilizar los Servicios de Comunicaci\u00f3n en relaci\u00f3n con encuestas, concursos, esquemas piramidales, cartas en cadena, correo basura, spam o cualquier mensaje duplicado o no solicitado (comercial o de otro tipo).<\/li>\n<li>Difamar, abusar, acosar, acechar, amenazar o violar de cualquier otro modo los derechos legales (como los derechos de privacidad y publicidad) de otros.<br \/>Publicar, anunciar, cargar, distribuir o difundir cualquier tema, nombre, material o informaci\u00f3n inapropiados, profanos, difamatorios, obscenos, indecentes o ilegales.<\/li>\n<li>Cargar, o poner a disposici\u00f3n de cualquier otro modo, archivos que contengan im\u00e1genes, fotograf\u00edas, software u otro material protegido por las leyes de propiedad intelectual, incluidas, a modo de ejemplo y sin car\u00e1cter limitativo, las leyes de derechos de autor o marcas comerciales (o por derechos de privacidad o publicidad), a menos que usted posea o controle los derechos correspondientes o haya recibido todo el consentimiento necesario para hacerlo.<\/li>\n<li>Utilizar cualquier material o informaci\u00f3n, incluidas im\u00e1genes o fotograf\u00edas, que est\u00e9n disponibles a trav\u00e9s de los Servicios de cualquier manera que infrinja cualquier derecho de autor, marca registrada, patente, secreto comercial u otro derecho de propiedad de cualquier parte.<\/li>\n<li>Cargar archivos que contengan virus, troyanos, gusanos, bombas de relojer\u00eda, cancelbots, archivos corruptos o cualquier otro software o programa similar que pueda da\u00f1ar el funcionamiento del ordenador o la propiedad de terceros.<\/li>\n<li>Anunciar u ofrecer la venta o compra de bienes o servicios para cualquier fin comercial, a menos que dichos Servicios de Comunicaci\u00f3n permitan espec\u00edficamente tales mensajes.<\/li>\n<li>Descargar cualquier archivo publicado por otro usuario de un Servicio de Comunicaci\u00f3n que usted sepa, o razonablemente debiera saber, que no puede ser legalmente reproducido, mostrado, ejecutado y\/o distribuido de tal manera.<\/li>\n<li>Falsificar o eliminar cualquier informaci\u00f3n de gesti\u00f3n de derechos de autor, como atribuciones del autor, avisos legales u otros avisos apropiados o designaciones de propiedad o etiquetas del origen o fuente del software u otro material contenido en un archivo que se cargue.<\/li>\n<li>Restringir o impedir a cualquier otro usuario el uso y goce de los Servicios de Comunicaci\u00f3n.<\/li>\n<li>Violar cualquier c\u00f3digo de conducta u otras disposiciones que puedan ser aplicables a cualquier Servicio de Comunicaci\u00f3n en particular.<\/li>\n<li>Recoger o recopilar de cualquier otro modo informaci\u00f3n sobre otras personas, incluidas direcciones de correo electr\u00f3nico.<\/li>\n<li>Violar cualquier ley o normativa aplicable.<\/li>\n<li>Crear una identidad falsa con el fin de enga\u00f1ar a otros.<\/li>\n<li>Utilizar, descargar o copiar de cualquier otro modo, o proporcionar (a t\u00edtulo oneroso o no) a una persona o entidad cualquier directorio de usuarios de los Servicios u otra informaci\u00f3n de usuario o de uso o cualquier parte de la misma.<\/li>\n<\/ul>\n<p>Focus-Solutions.net no tiene la obligaci\u00f3n de monitorear los Servicios de Comunicaci\u00f3n. Sin embargo, FOCUS Business Solutions, Inc. se reserva el derecho de revisar los materiales anunciados en los Servicios de Comunicaci\u00f3n y quitarlos a discreci\u00f3n. Focus-Solutions.net se reserva el derecho de quitarle a Usted el acceso a cualquiera o todos los Servicios de Comunicaci\u00f3n, en cualquier momento, sin previo aviso y por la raz\u00f3n que sea.<\/p>\n<p>FOCUS Business Solutions, Inc. se reserva el derecho en todo momento de revelar cualquier informaci\u00f3n que FOCUS Business Solutions, Inc. considere necesaria para cumplir con cualquier ley, reglamento, proceso legal o solicitud gubernamental aplicable, o de editar, negarse a publicar o eliminar cualquier informaci\u00f3n o material, en su totalidad o en parte, a la entera discreci\u00f3n de FOCUS Business Solutions, Inc..<\/p>\n<p>Tenga siempre cuidado al facilitar cualquier informaci\u00f3n personal identificable sobre usted o sus hijos en cualquier Servicio de Comunicaci\u00f3n. FOCUS Business Solutions, Inc. no controla ni aprueba el contenido, mensajes, o informaci\u00f3n encontrada en los Servicios de Comunicaci\u00f3n y, por tanto, FOCUS Business Solutions, Inc. niega espec\u00edficamente cualquier responsabilidad en relaci\u00f3n con los Servicios de Comunicaci\u00f3n y con cualesquiera acciones resultantes de su participaci\u00f3n en cualquier Servicio de Comunicaci\u00f3n. Los administradores y los host no son portavoces autorizados de FOCUS Business Solutions, Inc., y su punto de vista no necesariamente es el mismo que el de FOCUS Business Solutions, Inc.<\/p>\n<p>Los materiales cargados en los Servicios de Comunicaci\u00f3n pueden estar sujetos a limitaciones de uso, reproducci\u00f3n y\/o difusi\u00f3n; usted es responsable de respetar dichas limitaciones si descarga los materiales.<\/p>\n<h3>Materiales proporcionados o publicados en cualquier sitio web<\/h3>\n<p>Focus-Solutions.net no reclama la propiedad de los materiales que usted suministre a Focus-Solutions.net (incluyendo comentarios y sugerencias) o anuncie, publique, suba, ingrese, env\u00ede o entregue a cualquier Servicio o sus servicios asociados para su revisi\u00f3n por el p\u00fablico en general, o por los miembros de cualquier comunidad p\u00fablica o privada, (cada \u00abEntrega\u00bb y colectivamente \u00abEntregas\u00bb). Sin embargo, enviando, cargando, insertando, suministrando o presentando (\u00abPublicando\u00bb) el Material Presentado el usuario garantiza a Focus-Solutions.net, a las sociedades afiliadas y sublicenciatarias, el permiso de usar el material presentado por el usuario en relaci\u00f3n a la operci\u00f3n de su actividad desarrollada en Internet (incluido, sin l\u00edmite, todo el material presentado por FOCUS Business Solutions, Inc. ), incluyendo, sin limitaci\u00f3n, los derechos de licencia para: copiar, distribuir, transmitir, mostrar p\u00fablicamente, ejecutar p\u00fablicamente, reproducir, editar, traducir y dar nuevo formato a tu env\u00edo; publicar tu nombre en conexi\u00f3n con tu env\u00edo; y el derecho a sublicenciar tales derechos a cualquier proveedor de los Servicios.<\/p>\n<p>No se pagar\u00e1 ninguna compensaci\u00f3n por el uso de su env\u00edo, seg\u00fan lo dispuesto en el presente documento. Focus-Solutions.net no tiene la obligaci\u00f3n de enviar o usar alg\u00fan material presentado que el usuario pueda suministrar y Focus-Solutions.net podr\u00e1 eliminar cualquier material presentado en cualquier momento a su \u00fanica discrecci\u00f3n.<\/p>\n<p>Al publicar informaci\u00f3n, usted garantiza y declara que posee o controla de otro modo todos los derechos sobre su informaci\u00f3n, tal y como se describe en estas Condiciones de Servicio del Servicio, incluidos, entre otros, todos los derechos necesarios para que usted proporcione, publique, cargue, introduzca o env\u00ede informaci\u00f3n.<\/p>\n<p>Adem\u00e1s de la garant\u00eda y declaraci\u00f3n expuestas anteriormente, al publicarinformaci\u00f3n que contenga im\u00e1genes, fotograf\u00edas, dibujos o que sean de otro modo gr\u00e1ficos en su totalidad o en parte (\u00abIm\u00e1genes\u00bb), usted garantiza y declara que (a) usted es el propietario de los derechos de autor de dichas im\u00e1genes, o que el propietario de los derechos de autor de dichas im\u00e1genes le ha concedido permiso para utilizarlas, as\u00ed como cualquier contenido y\/o im\u00e1genes incluidos en dichas im\u00e1genes de acuerdo con la forma y el prop\u00f3sito de su uso y seg\u00fan lo permitido por las presentes Condiciones de Servicio y los Servicios, (b) dispone de los derechos necesarios para conceder las licencias y sublicencias descritas en las presentes Condiciones de Servicio, y (c) que cada persona representada en dichas im\u00e1genes, en su caso, ha dado su consentimiento para su uso, tal y como se establece en las presentes Condiciones de Uso del Servicio, incluyendo, a modo de ejemplo y sin car\u00e1cter limitativo, la distribuci\u00f3n, exhibici\u00f3n p\u00fablica y reproducci\u00f3n de dichas im\u00e1genes. Al publicar im\u00e1genes, usted acepta (a) a todos los miembros de su comunidad privada (para cada una de las im\u00e1genes disponibles para los miembros de dicha comunidad privada), y\/o (b) al p\u00fablico en general (para cada una de las im\u00e1genes disponibles en cualquier lugar de los Servicios, que no sea una comunidad privada), el permiso para utilizar sus im\u00e1genes en relaci\u00f3n con el uso, seg\u00fan lo permitido por las presentes Condiciones de Servicio, de cualquiera de los Servicios, (incluyendo, a modo de ejemplo, y no como una limitaci\u00f3n, la realizaci\u00f3n de impresiones y art\u00edculos de regalo que incluyan dichas im\u00e1genes), e incluyendo, sin limitaci\u00f3n, una licencia no exclusiva, mundial y libre de regal\u00edas para: copiar, distribuir, transmitir, mostrar p\u00fablicamente, ejecutar p\u00fablicamente, reproducir, editar, traducir y reformatear sus Im\u00e1genes sin que su nombre aparezca asociado a dichas im\u00e1genes, y el derecho a sublicenciar dichos derechos a cualquier proveedor de los servicios. Las licencias concedidas en los puntos anteriores para una imagen terminar\u00e1n en el momento en que usted las elimine completamente de los Servicios, siempre y cuando, dicha terminaci\u00f3n no afecte a ninguna licencia concedida en relaci\u00f3n con las im\u00e1genes antes del momento en que usted las elimine completamente. No se pagar\u00e1 ninguna compensaci\u00f3n por el uso de sus im\u00e1genes.<\/p>\n<p>[\/et_pb_text][\/et_pb_column][\/et_pb_row][\/et_pb_section]<\/p>\n","protected":false},"excerpt":{"rendered":"<p>Condiciones de uso Bienvenido a FOCUS Business Solutions, Inc.. Si contin\u00faa navegando y utilizando este sitio web, usted acepta cumplir y estar obligado por los siguientes T\u00e9rminos de Servicio y condiciones que rigen la relaci\u00f3n Focus-Solutions.net con usted en relaci\u00f3n a este sitio web. Los servicios que Focus-Solutions.net le proporciona est\u00e1n sujetos a las siguientes [&hellip;]<\/p>\n","protected":false},"author":1,"featured_media":0,"parent":0,"menu_order":0,"comment_status":"closed","ping_status":"closed","template":"","meta":{"_et_pb_use_builder":"on","_et_pb_old_content":"","_et_gb_content_width":"","footnotes":""},"class_list":["post-815","page","type-page","status-publish","hentry"],"yoast_head":"<!-- This site is optimized with the Yoast SEO plugin v27.4 - https:\/\/yoast.com\/product\/yoast-seo-wordpress\/ -->\n<title>Condiciones de uso - Focus Business Solutions<\/title>\n<meta name=\"robots\" content=\"index, follow, max-snippet:-1, max-image-preview:large, max-video-preview:-1\" \/>\n<link rel=\"canonical\" href=\"https:\/\/focus-solutions.net\/es\/condiciones-de-uso\/\" \/>\n<meta property=\"og:locale\" content=\"es_ES\" \/>\n<meta property=\"og:type\" content=\"article\" \/>\n<meta property=\"og:title\" content=\"Condiciones de uso - Focus Business Solutions\" \/>\n<meta property=\"og:description\" content=\"Condiciones de uso Bienvenido a FOCUS Business Solutions, Inc.. Si contin\u00faa navegando y utilizando este sitio web, usted acepta cumplir y estar obligado por los siguientes T\u00e9rminos de Servicio y condiciones que rigen la relaci\u00f3n Focus-Solutions.net con usted en relaci\u00f3n a este sitio web. Los servicios que Focus-Solutions.net le proporciona est\u00e1n sujetos a las siguientes [&hellip;]\" \/>\n<meta property=\"og:url\" content=\"https:\/\/focus-solutions.net\/es\/condiciones-de-uso\/\" \/>\n<meta property=\"og:site_name\" content=\"Focus Business Solutions\" \/>\n<meta property=\"article:modified_time\" content=\"2023-11-24T02:56:52+00:00\" \/>\n<meta name=\"twitter:card\" content=\"summary_large_image\" \/>\n<meta name=\"twitter:label1\" content=\"Tiempo de lectura\" \/>\n\t<meta name=\"twitter:data1\" content=\"12 minutos\" \/>\n<script type=\"application\/ld+json\" class=\"yoast-schema-graph\">{\"@context\":\"https:\\\/\\\/schema.org\",\"@graph\":[{\"@type\":\"WebPage\",\"@id\":\"https:\\\/\\\/focus-solutions.net\\\/es\\\/condiciones-de-uso\\\/\",\"url\":\"https:\\\/\\\/focus-solutions.net\\\/es\\\/condiciones-de-uso\\\/\",\"name\":\"Condiciones de uso - Focus Business Solutions\",\"isPartOf\":{\"@id\":\"https:\\\/\\\/focus-solutions.net\\\/es\\\/#website\"},\"datePublished\":\"2022-03-23T15:06:26+00:00\",\"dateModified\":\"2023-11-24T02:56:52+00:00\",\"breadcrumb\":{\"@id\":\"https:\\\/\\\/focus-solutions.net\\\/es\\\/condiciones-de-uso\\\/#breadcrumb\"},\"inLanguage\":\"es\",\"potentialAction\":[{\"@type\":\"ReadAction\",\"target\":[\"https:\\\/\\\/focus-solutions.net\\\/es\\\/condiciones-de-uso\\\/\"]}]},{\"@type\":\"BreadcrumbList\",\"@id\":\"https:\\\/\\\/focus-solutions.net\\\/es\\\/condiciones-de-uso\\\/#breadcrumb\",\"itemListElement\":[{\"@type\":\"ListItem\",\"position\":1,\"name\":\"Home\",\"item\":\"https:\\\/\\\/focus-solutions.net\\\/es\\\/inicio\\\/\"},{\"@type\":\"ListItem\",\"position\":2,\"name\":\"Condiciones de uso\"}]},{\"@type\":\"WebSite\",\"@id\":\"https:\\\/\\\/focus-solutions.net\\\/es\\\/#website\",\"url\":\"https:\\\/\\\/focus-solutions.net\\\/es\\\/\",\"name\":\"FOCUS Business Solutions\",\"description\":\"International Trade Compliance Company\",\"publisher\":{\"@id\":\"https:\\\/\\\/focus-solutions.net\\\/es\\\/#organization\"},\"potentialAction\":[{\"@type\":\"SearchAction\",\"target\":{\"@type\":\"EntryPoint\",\"urlTemplate\":\"https:\\\/\\\/focus-solutions.net\\\/es\\\/?s={search_term_string}\"},\"query-input\":{\"@type\":\"PropertyValueSpecification\",\"valueRequired\":true,\"valueName\":\"search_term_string\"}}],\"inLanguage\":\"es\"},{\"@type\":\"Organization\",\"@id\":\"https:\\\/\\\/focus-solutions.net\\\/es\\\/#organization\",\"name\":\"FOCUS Business Solutions\",\"url\":\"https:\\\/\\\/focus-solutions.net\\\/es\\\/\",\"logo\":{\"@type\":\"ImageObject\",\"inLanguage\":\"es\",\"@id\":\"https:\\\/\\\/focus-solutions.net\\\/es\\\/#\\\/schema\\\/logo\\\/image\\\/\",\"url\":\"https:\\\/\\\/focus-solutions.net\\\/wp-content\\\/uploads\\\/2023\\\/05\\\/FOCUS-Color-265px.png\",\"contentUrl\":\"https:\\\/\\\/focus-solutions.net\\\/wp-content\\\/uploads\\\/2023\\\/05\\\/FOCUS-Color-265px.png\",\"width\":265,\"height\":83,\"caption\":\"FOCUS Business Solutions\"},\"image\":{\"@id\":\"https:\\\/\\\/focus-solutions.net\\\/es\\\/#\\\/schema\\\/logo\\\/image\\\/\"}}]}<\/script>\n<!-- \/ Yoast SEO plugin. -->","yoast_head_json":{"title":"Condiciones de uso - Focus Business Solutions","robots":{"index":"index","follow":"follow","max-snippet":"max-snippet:-1","max-image-preview":"max-image-preview:large","max-video-preview":"max-video-preview:-1"},"canonical":"https:\/\/focus-solutions.net\/es\/condiciones-de-uso\/","og_locale":"es_ES","og_type":"article","og_title":"Condiciones de uso - Focus Business Solutions","og_description":"Condiciones de uso Bienvenido a FOCUS Business Solutions, Inc.. Si contin\u00faa navegando y utilizando este sitio web, usted acepta cumplir y estar obligado por los siguientes T\u00e9rminos de Servicio y condiciones que rigen la relaci\u00f3n Focus-Solutions.net con usted en relaci\u00f3n a este sitio web. Los servicios que Focus-Solutions.net le proporciona est\u00e1n sujetos a las siguientes [&hellip;]","og_url":"https:\/\/focus-solutions.net\/es\/condiciones-de-uso\/","og_site_name":"Focus Business Solutions","article_modified_time":"2023-11-24T02:56:52+00:00","twitter_card":"summary_large_image","twitter_misc":{"Tiempo de lectura":"12 minutos"},"schema":{"@context":"https:\/\/schema.org","@graph":[{"@type":"WebPage","@id":"https:\/\/focus-solutions.net\/es\/condiciones-de-uso\/","url":"https:\/\/focus-solutions.net\/es\/condiciones-de-uso\/","name":"Condiciones de uso - Focus Business Solutions","isPartOf":{"@id":"https:\/\/focus-solutions.net\/es\/#website"},"datePublished":"2022-03-23T15:06:26+00:00","dateModified":"2023-11-24T02:56:52+00:00","breadcrumb":{"@id":"https:\/\/focus-solutions.net\/es\/condiciones-de-uso\/#breadcrumb"},"inLanguage":"es","potentialAction":[{"@type":"ReadAction","target":["https:\/\/focus-solutions.net\/es\/condiciones-de-uso\/"]}]},{"@type":"BreadcrumbList","@id":"https:\/\/focus-solutions.net\/es\/condiciones-de-uso\/#breadcrumb","itemListElement":[{"@type":"ListItem","position":1,"name":"Home","item":"https:\/\/focus-solutions.net\/es\/inicio\/"},{"@type":"ListItem","position":2,"name":"Condiciones de uso"}]},{"@type":"WebSite","@id":"https:\/\/focus-solutions.net\/es\/#website","url":"https:\/\/focus-solutions.net\/es\/","name":"FOCUS Business Solutions","description":"International Trade Compliance Company","publisher":{"@id":"https:\/\/focus-solutions.net\/es\/#organization"},"potentialAction":[{"@type":"SearchAction","target":{"@type":"EntryPoint","urlTemplate":"https:\/\/focus-solutions.net\/es\/?s={search_term_string}"},"query-input":{"@type":"PropertyValueSpecification","valueRequired":true,"valueName":"search_term_string"}}],"inLanguage":"es"},{"@type":"Organization","@id":"https:\/\/focus-solutions.net\/es\/#organization","name":"FOCUS Business Solutions","url":"https:\/\/focus-solutions.net\/es\/","logo":{"@type":"ImageObject","inLanguage":"es","@id":"https:\/\/focus-solutions.net\/es\/#\/schema\/logo\/image\/","url":"https:\/\/focus-solutions.net\/wp-content\/uploads\/2023\/05\/FOCUS-Color-265px.png","contentUrl":"https:\/\/focus-solutions.net\/wp-content\/uploads\/2023\/05\/FOCUS-Color-265px.png","width":265,"height":83,"caption":"FOCUS Business Solutions"},"image":{"@id":"https:\/\/focus-solutions.net\/es\/#\/schema\/logo\/image\/"}}]}},"jetpack_sharing_enabled":true,"_links":{"self":[{"href":"https:\/\/focus-solutions.net\/es\/wp-json\/wp\/v2\/pages\/815","targetHints":{"allow":["GET"]}}],"collection":[{"href":"https:\/\/focus-solutions.net\/es\/wp-json\/wp\/v2\/pages"}],"about":[{"href":"https:\/\/focus-solutions.net\/es\/wp-json\/wp\/v2\/types\/page"}],"author":[{"embeddable":true,"href":"https:\/\/focus-solutions.net\/es\/wp-json\/wp\/v2\/users\/1"}],"replies":[{"embeddable":true,"href":"https:\/\/focus-solutions.net\/es\/wp-json\/wp\/v2\/comments?post=815"}],"version-history":[{"count":0,"href":"https:\/\/focus-solutions.net\/es\/wp-json\/wp\/v2\/pages\/815\/revisions"}],"wp:attachment":[{"href":"https:\/\/focus-solutions.net\/es\/wp-json\/wp\/v2\/media?parent=815"}],"curies":[{"name":"wp","href":"https:\/\/api.w.org\/{rel}","templated":true}]}}