{"id":818,"date":"2022-03-23T15:20:50","date_gmt":"2022-03-23T15:20:50","guid":{"rendered":"https:\/\/focus-solutions.net\/gracias\/"},"modified":"2023-11-24T02:57:32","modified_gmt":"2023-11-24T02:57:32","slug":"gracias","status":"publish","type":"page","link":"https:\/\/focus-solutions.net\/es\/gracias\/","title":{"rendered":"Gracias"},"content":{"rendered":"<p>[et_pb_section fb_built=\u00bb1&#8243; fullwidth=\u00bbon\u00bb _builder_version=\u00bb4.14.2&#8243; _module_preset=\u00bbdefault\u00bb global_colors_info=\u00bb{}\u00bb][et_pb_fullwidth_header title=\u00bbGracias por su ayuda.\u00bb text_orientation=\u00bbcenter\u00bb header_fullscreen=\u00bbon\u00bb button_one_text=\u00bbVolver a la p\u00e1gina de inicio\u00bb button_one_url=\u00bb\/\u00bb button_two_text=\u00bb(313) 292-7000&#8243; button_two_url=\u00bbtel:13132927000&#8243; logo_image_url=\u00bbhttps:\/\/focus-solutions.net\/wp-content\/uploads\/2022\/02\/Focus-Business-Solutions-International-Trade-Compliance-Company-Logo-white-265px.png\u00bb _builder_version=\u00bb4.14.2&#8243; _module_preset=\u00bbdefault\u00bb background_color=\u00bb#1C2954&#8243; custom_button_one=\u00bbon\u00bb button_one_text_size=\u00bb18px\u00bb button_one_bg_color=\u00bb#4BB15F\u00bb button_one_border_width=\u00bb0px\u00bb button_one_border_radius=\u00bb10px\u00bb button_one_font=\u00bb|||on|||||\u00bb custom_button_two=\u00bbon\u00bb button_two_text_size=\u00bb18px\u00bb button_two_text_color=\u00bb#FFFFFF\u00bb button_two_bg_color=\u00bbRGBA(255,255,255,0)\u00bb button_two_border_width=\u00bb2px\u00bb button_two_border_color=\u00bb#4BB15F\u00bb button_two_border_radius=\u00bb10px\u00bb button_two_font=\u00bb|||on|||||\u00bb global_colors_info=\u00bb{}\u00bb]<\/p>\n<p>Gracias por ponerse en contacto con nuestro equipo de expertos en cumplimiento de las regulaciones de comercio internacional. Nos pondremos en contacto con usted lo antes posible. Si su asunto es urgente, puede llamar directamente a nuestra oficina al n\u00famero de tel\u00e9fono que figura a continuaci\u00f3n.<\/p>\n<p>[\/et_pb_fullwidth_header][\/et_pb_section]<\/p>\n","protected":false},"excerpt":{"rendered":"<p>Gracias por ponerse en contacto con nuestro equipo de expertos en cumplimiento de las regulaciones de comercio internacional. Nos pondremos en contacto con usted lo antes posible. Si su asunto es urgente, puede llamar directamente a nuestra oficina al n\u00famero de tel\u00e9fono que figura a continuaci\u00f3n.<\/p>\n","protected":false},"author":1,"featured_media":0,"parent":0,"menu_order":0,"comment_status":"closed","ping_status":"closed","template":"page-template-blank.php","meta":{"_et_pb_use_builder":"on","_et_pb_old_content":"","_et_gb_content_width":"","footnotes":""},"class_list":["post-818","page","type-page","status-publish","hentry"],"yoast_head":"<!-- This site is optimized with the Yoast SEO plugin v27.4 - https:\/\/yoast.com\/product\/yoast-seo-wordpress\/ -->\n<title>Gracias - Focus Business Solutions<\/title>\n<meta name=\"robots\" content=\"index, follow, max-snippet:-1, max-image-preview:large, max-video-preview:-1\" \/>\n<link rel=\"canonical\" href=\"https:\/\/focus-solutions.net\/es\/gracias\/\" \/>\n<meta property=\"og:locale\" content=\"es_ES\" \/>\n<meta property=\"og:type\" content=\"article\" \/>\n<meta property=\"og:title\" content=\"Gracias - Focus Business Solutions\" \/>\n<meta property=\"og:description\" content=\"Gracias por ponerse en contacto con nuestro equipo de expertos en cumplimiento de las regulaciones de comercio internacional. Nos pondremos en contacto con usted lo antes posible. Si su asunto es urgente, puede llamar directamente a nuestra oficina al n\u00famero de tel\u00e9fono que figura a continuaci\u00f3n.\" \/>\n<meta property=\"og:url\" content=\"https:\/\/focus-solutions.net\/es\/gracias\/\" \/>\n<meta property=\"og:site_name\" content=\"Focus Business Solutions\" \/>\n<meta property=\"article:modified_time\" content=\"2023-11-24T02:57:32+00:00\" \/>\n<meta name=\"twitter:card\" content=\"summary_large_image\" \/>\n<meta name=\"twitter:label1\" content=\"Tiempo de lectura\" \/>\n\t<meta name=\"twitter:data1\" content=\"1 minuto\" \/>\n<script type=\"application\/ld+json\" class=\"yoast-schema-graph\">{\"@context\":\"https:\\\/\\\/schema.org\",\"@graph\":[{\"@type\":\"WebPage\",\"@id\":\"https:\\\/\\\/focus-solutions.net\\\/es\\\/gracias\\\/\",\"url\":\"https:\\\/\\\/focus-solutions.net\\\/es\\\/gracias\\\/\",\"name\":\"Gracias - Focus Business Solutions\",\"isPartOf\":{\"@id\":\"https:\\\/\\\/focus-solutions.net\\\/es\\\/#website\"},\"datePublished\":\"2022-03-23T15:20:50+00:00\",\"dateModified\":\"2023-11-24T02:57:32+00:00\",\"breadcrumb\":{\"@id\":\"https:\\\/\\\/focus-solutions.net\\\/es\\\/gracias\\\/#breadcrumb\"},\"inLanguage\":\"es\",\"potentialAction\":[{\"@type\":\"ReadAction\",\"target\":[\"https:\\\/\\\/focus-solutions.net\\\/es\\\/gracias\\\/\"]}]},{\"@type\":\"BreadcrumbList\",\"@id\":\"https:\\\/\\\/focus-solutions.net\\\/es\\\/gracias\\\/#breadcrumb\",\"itemListElement\":[{\"@type\":\"ListItem\",\"position\":1,\"name\":\"Home\",\"item\":\"https:\\\/\\\/focus-solutions.net\\\/es\\\/inicio\\\/\"},{\"@type\":\"ListItem\",\"position\":2,\"name\":\"Gracias\"}]},{\"@type\":\"WebSite\",\"@id\":\"https:\\\/\\\/focus-solutions.net\\\/es\\\/#website\",\"url\":\"https:\\\/\\\/focus-solutions.net\\\/es\\\/\",\"name\":\"FOCUS Business Solutions\",\"description\":\"International Trade Compliance Company\",\"publisher\":{\"@id\":\"https:\\\/\\\/focus-solutions.net\\\/es\\\/#organization\"},\"potentialAction\":[{\"@type\":\"SearchAction\",\"target\":{\"@type\":\"EntryPoint\",\"urlTemplate\":\"https:\\\/\\\/focus-solutions.net\\\/es\\\/?s={search_term_string}\"},\"query-input\":{\"@type\":\"PropertyValueSpecification\",\"valueRequired\":true,\"valueName\":\"search_term_string\"}}],\"inLanguage\":\"es\"},{\"@type\":\"Organization\",\"@id\":\"https:\\\/\\\/focus-solutions.net\\\/es\\\/#organization\",\"name\":\"FOCUS Business Solutions\",\"url\":\"https:\\\/\\\/focus-solutions.net\\\/es\\\/\",\"logo\":{\"@type\":\"ImageObject\",\"inLanguage\":\"es\",\"@id\":\"https:\\\/\\\/focus-solutions.net\\\/es\\\/#\\\/schema\\\/logo\\\/image\\\/\",\"url\":\"https:\\\/\\\/focus-solutions.net\\\/wp-content\\\/uploads\\\/2023\\\/05\\\/FOCUS-Color-265px.png\",\"contentUrl\":\"https:\\\/\\\/focus-solutions.net\\\/wp-content\\\/uploads\\\/2023\\\/05\\\/FOCUS-Color-265px.png\",\"width\":265,\"height\":83,\"caption\":\"FOCUS Business Solutions\"},\"image\":{\"@id\":\"https:\\\/\\\/focus-solutions.net\\\/es\\\/#\\\/schema\\\/logo\\\/image\\\/\"}}]}<\/script>\n<!-- \/ Yoast SEO plugin. -->","yoast_head_json":{"title":"Gracias - Focus Business Solutions","robots":{"index":"index","follow":"follow","max-snippet":"max-snippet:-1","max-image-preview":"max-image-preview:large","max-video-preview":"max-video-preview:-1"},"canonical":"https:\/\/focus-solutions.net\/es\/gracias\/","og_locale":"es_ES","og_type":"article","og_title":"Gracias - Focus Business Solutions","og_description":"Gracias por ponerse en contacto con nuestro equipo de expertos en cumplimiento de las regulaciones de comercio internacional. Nos pondremos en contacto con usted lo antes posible. Si su asunto es urgente, puede llamar directamente a nuestra oficina al n\u00famero de tel\u00e9fono que figura a continuaci\u00f3n.","og_url":"https:\/\/focus-solutions.net\/es\/gracias\/","og_site_name":"Focus Business Solutions","article_modified_time":"2023-11-24T02:57:32+00:00","twitter_card":"summary_large_image","twitter_misc":{"Tiempo de lectura":"1 minuto"},"schema":{"@context":"https:\/\/schema.org","@graph":[{"@type":"WebPage","@id":"https:\/\/focus-solutions.net\/es\/gracias\/","url":"https:\/\/focus-solutions.net\/es\/gracias\/","name":"Gracias - Focus Business Solutions","isPartOf":{"@id":"https:\/\/focus-solutions.net\/es\/#website"},"datePublished":"2022-03-23T15:20:50+00:00","dateModified":"2023-11-24T02:57:32+00:00","breadcrumb":{"@id":"https:\/\/focus-solutions.net\/es\/gracias\/#breadcrumb"},"inLanguage":"es","potentialAction":[{"@type":"ReadAction","target":["https:\/\/focus-solutions.net\/es\/gracias\/"]}]},{"@type":"BreadcrumbList","@id":"https:\/\/focus-solutions.net\/es\/gracias\/#breadcrumb","itemListElement":[{"@type":"ListItem","position":1,"name":"Home","item":"https:\/\/focus-solutions.net\/es\/inicio\/"},{"@type":"ListItem","position":2,"name":"Gracias"}]},{"@type":"WebSite","@id":"https:\/\/focus-solutions.net\/es\/#website","url":"https:\/\/focus-solutions.net\/es\/","name":"FOCUS Business Solutions","description":"International Trade Compliance Company","publisher":{"@id":"https:\/\/focus-solutions.net\/es\/#organization"},"potentialAction":[{"@type":"SearchAction","target":{"@type":"EntryPoint","urlTemplate":"https:\/\/focus-solutions.net\/es\/?s={search_term_string}"},"query-input":{"@type":"PropertyValueSpecification","valueRequired":true,"valueName":"search_term_string"}}],"inLanguage":"es"},{"@type":"Organization","@id":"https:\/\/focus-solutions.net\/es\/#organization","name":"FOCUS Business Solutions","url":"https:\/\/focus-solutions.net\/es\/","logo":{"@type":"ImageObject","inLanguage":"es","@id":"https:\/\/focus-solutions.net\/es\/#\/schema\/logo\/image\/","url":"https:\/\/focus-solutions.net\/wp-content\/uploads\/2023\/05\/FOCUS-Color-265px.png","contentUrl":"https:\/\/focus-solutions.net\/wp-content\/uploads\/2023\/05\/FOCUS-Color-265px.png","width":265,"height":83,"caption":"FOCUS Business Solutions"},"image":{"@id":"https:\/\/focus-solutions.net\/es\/#\/schema\/logo\/image\/"}}]}},"jetpack_sharing_enabled":true,"_links":{"self":[{"href":"https:\/\/focus-solutions.net\/es\/wp-json\/wp\/v2\/pages\/818","targetHints":{"allow":["GET"]}}],"collection":[{"href":"https:\/\/focus-solutions.net\/es\/wp-json\/wp\/v2\/pages"}],"about":[{"href":"https:\/\/focus-solutions.net\/es\/wp-json\/wp\/v2\/types\/page"}],"author":[{"embeddable":true,"href":"https:\/\/focus-solutions.net\/es\/wp-json\/wp\/v2\/users\/1"}],"replies":[{"embeddable":true,"href":"https:\/\/focus-solutions.net\/es\/wp-json\/wp\/v2\/comments?post=818"}],"version-history":[{"count":0,"href":"https:\/\/focus-solutions.net\/es\/wp-json\/wp\/v2\/pages\/818\/revisions"}],"wp:attachment":[{"href":"https:\/\/focus-solutions.net\/es\/wp-json\/wp\/v2\/media?parent=818"}],"curies":[{"name":"wp","href":"https:\/\/api.w.org\/{rel}","templated":true}]}}